{"id":5920,"date":"2018-12-10T15:59:55","date_gmt":"2018-12-10T14:59:55","guid":{"rendered":"https:\/\/staging.rowing-in-europe.com\/test\/camps\/"},"modified":"2022-08-26T23:20:17","modified_gmt":"2022-08-26T21:20:17","slug":"camps","status":"publish","type":"page","link":"https:\/\/rowing-in-europe.com\/de\/camps\/","title":{"rendered":"Camps"},"content":{"rendered":"\t\t<div data-elementor-type=\"wp-page\" data-elementor-id=\"5920\" class=\"elementor elementor-5920 elementor-3452\" data-elementor-post-type=\"page\">\n\t\t\t\t\t\t<section class=\"elementor-section elementor-top-section elementor-element elementor-element-7d99a307 elementor-section-boxed elementor-section-height-default elementor-section-height-default\" data-id=\"7d99a307\" data-element_type=\"section\" data-e-type=\"section\">\n\t\t\t\t\t\t\t<div class=\"elementor-background-overlay\"><\/div>\n\t\t\t\t\t\t\t<div class=\"elementor-container elementor-column-gap-default\">\n\t\t\t\t\t<div class=\"elementor-column elementor-col-100 elementor-top-column elementor-element elementor-element-2958795b\" data-id=\"2958795b\" data-element_type=\"column\" data-e-type=\"column\">\n\t\t\t<div class=\"elementor-widget-wrap elementor-element-populated\">\n\t\t\t\t\t\t<div class=\"elementor-element elementor-element-70c4e0c elementor-widget elementor-widget-heading\" data-id=\"70c4e0c\" data-element_type=\"widget\" data-e-type=\"widget\" data-widget_type=\"heading.default\">\n\t\t\t\t<div class=\"elementor-widget-container\">\n\t\t\t\t\t<h1 class=\"elementor-heading-title elementor-size-xl\">Aktuelle Camps<\/h1>\t\t\t\t<\/div>\n\t\t\t\t<\/div>\n\t\t\t\t<div class=\"elementor-element elementor-element-57d4a elementor-widget elementor-widget-text-editor\" data-id=\"57d4a\" data-element_type=\"widget\" data-e-type=\"widget\" data-widget_type=\"text-editor.default\">\n\t\t\t\t<div class=\"elementor-widget-container\">\n\t\t\t\t\t\t\t\t\t<div id=\"sidebarbox\"><h2 id=\"sidebarbottom\">Rowing Camps und Rowing Schulen<\/h2><\/div><p>Wir f\u00fchren hochwertige Camps und Schulen. Unsere Trainer sind erfolgreiche Weltmeister oder Olympische Ruderer. Schlie\u00df dich uns an. Unsere Camps sind in Europa und den USA. An den besten Pl\u00e4tzen<\/p><p>Wir m\u00f6chten, dass Sie die Camps geniessen. Sie sollen nach Hause kommen und denken, was war das eine gute Zeit.<br \/>Wir haben die besten Ruderpl\u00e4tze in Europa gebucht.Kombinierbar zwischen Rudern und Urlaub.<\/p><p>Tolle Hotels oder einfache Ruderunterk\u00fcnfte. Beides ist m\u00f6glich. Bringen Sie ihren Partner f\u00fcr Sightseeing Ausfl\u00fcge oder Kulinarische Spazierg\u00f6nge.<\/p><p>Crew Camps f\u00fcr\u00a0 Masters Crews, University und College Crews. Wir k\u00f6nnen Euch ein full package of European Rowing Camps bieten. Fragt nach dem\u00a0 &#8222;all inclusive&#8220; packages.<\/p><p><span style=\"font-family: inherit; font-size: inherit;\">Crew Camps: Fragt doch nach den speziellen Angeboten f\u00fcr unsere Camps in Deutschland, Italien, Frankreich. Wir sind auch in der Schweiz und den USA.<\/span><\/p><h3>Rowing Camps f\u00fcr Alle. Von Novizen bis Masters<\/h3><p>Rowing in Europe and SWIFT Racing bieten eine einzigartige M\u00f6glichkeit an<\/p><p>Ein breites Spektrum von Ruderlektionen f\u00fcr jedes Level.<\/p><p>Alle Lektionen sind gecoached und instruiert von namenhaften Ruderlehrern, meist internationale Medalliengewinner. Deutschsprachig und englischschrachig. Auch italienisch und franz\u00f6sisch.<\/p><p>&#8222;Single (Skiff) &#8211; ready&#8220; in einer Woche &#8211; Vom Novizen bis Fortgeschrittenen<\/p><p>Novizen und Anf\u00e4nger\u00a0 &#8211;<br \/>Learn to row program. Lerne die Basics des Ruderns, sei nach dem Kurs soweit, dass Du nach einer Woche in jedem Team mitrudern kannst.<\/p><p>Intermediate and Masters Ruderer &#8211;<br \/>Perfektioniere Deine Technik, Deinen pers\u00f6nlichen Stil und verbessere Deine K\u00f6rperarbeit- vor Allem &#8211; werde schnell.<\/p><h3>Lernen und verbessern. Schneller werden.<\/h3><p>Unsere Rudercamps dauern in der Regel 2-7 Tage.<\/p><p>Ein typischer Tag hat 2 Lektionen, morgens und mittags. . Klar- wir sorgen daf\u00fcr, dass Ihr auch gen\u00fcgend Zeit f\u00fcr Sightseeing und kulturelle Ausg\u00e4nge habt.<\/p><p><b>2019 Camp Daten:<\/b><\/p><p><b>Varese, IT 2019<\/b><br \/>Masters Camp: Neue Daten f\u00fcr September und Oktober kommen im Sommer.<\/p><p><b>Summercamp Varese<\/b><br \/>Juli 16-22 (TM)<br \/>Juli 23-29 (TM)<\/p><p><b>Aviz Portugal, 2019<\/b><br \/>09 -12 April 1- 5 August<\/p><p><b>Pocinho Portugal, 2019<\/b><br \/>High performance Ruder Camp:\u00a0 \u00a0M\u00e4rz bis Juni 2019 <span style=\"font-size: 1rem;\">\u00a0<\/span><\/p><p><b>Litauen, Trokai, 2019<\/b><br \/>Camp 1: Mai 2019\u00a0 \u00a0 \u00a0 Camp 2: Juni 2019<\/p><p><b>Niffer, Frankreich<\/b><\/p><p>25 \u2013 27. Oktober 2019<br \/>08 \u2013 10 November 2019<\/p><p><b>USA 2018\u00a0<\/b><br \/>Camps wieder ab\u00a0 August<\/p><div id=\"sidebarbox\"><h3>Fragt nach den speziellen Angeboten und all inclusive Paket oder dem individuellen Paket.<\/h3><p>Nutze das <a title=\"\" href=\"https:\/\/rowing-in-europe.com\/de\/registrierung\/\">Kontaktformular<\/a> oder schreib uns per Whatsapp\/Mail.<\/p><p><a href=\"&#x6d;&#x61;&#x69;&#108;&#116;&#111;:v&#x6f;&#x6c;&#x6b;&#x65;&#114;&#64;ro&#x77;&#x69;&#x6e;&#x67;&#45;&#105;n-&#x65;&#x75;&#x72;&#x6f;&#112;&#101;&#46;co&#x6d;\">Email uns:<\/a> v<span style=\"text-decoration: underline;\">&#x6f;&#108;&#x6b;&#x65;&#114;&#x40;&#114;o&#x77;&#105;n&#x67;&#45;i&#x6e;&#45;e&#x75;&#114;&#x6f;&#x70;&#101;&#x2e;&#x63;&#111;&#x6d;<\/span><\/p><\/div>\t\t\t\t\t\t\t\t<\/div>\n\t\t\t\t<\/div>\n\t\t\t\t\t<\/div>\n\t\t<\/div>\n\t\t\t\t\t<\/div>\n\t\t<\/section>\n\t\t\t\t<\/div>\n\t\t<div id=\"rowin-1510141088\" class=\"rowin-nach-dem-inhalt\" style=\"margin-left: auto;margin-right: auto;text-align: center;\"><div class=\"rowin-adlabel\">Werbung<\/div><script async src=\"\/\/pagead2.googlesyndication.com\/pagead\/js\/adsbygoogle.js?client=ca-pub-2249272050944581\" crossorigin=\"anonymous\"><\/script><ins class=\"adsbygoogle\" style=\"display:block;\" data-ad-client=\"ca-pub-2249272050944581\" \ndata-ad-slot=\"3851531088\" \ndata-ad-format=\"auto\"><\/ins>\n<script> \n(adsbygoogle = window.adsbygoogle || []).push({}); \n<\/script>\n<\/div>","protected":false},"excerpt":{"rendered":"<p>Aktuelle Camps Rowing Camps und Rowing Schulen Wir f\u00fchren hochwertige Camps und Schulen. Unsere Trainer sind erfolgreiche Weltmeister oder Olympische Ruderer. Schlie\u00df dich uns an. Unsere Camps sind in Europa und den USA. An den besten Pl\u00e4tzen Wir m\u00f6chten, dass Sie die Camps geniessen. Sie sollen nach Hause kommen und denken, was war das eine [&hellip;]<\/p>\n","protected":false},"author":1,"featured_media":62,"parent":0,"menu_order":0,"comment_status":"closed","ping_status":"closed","template":"","meta":{"ocean_post_layout":"","ocean_both_sidebars_style":"","ocean_both_sidebars_content_width":0,"ocean_both_sidebars_sidebars_width":0,"ocean_sidebar":"0","ocean_second_sidebar":"0","ocean_disable_margins":"enable","ocean_add_body_class":"","ocean_shortcode_before_top_bar":"","ocean_shortcode_after_top_bar":"","ocean_shortcode_before_header":"","ocean_shortcode_after_header":"","ocean_has_shortcode":"","ocean_shortcode_after_title":"","ocean_shortcode_before_footer_widgets":"","ocean_shortcode_after_footer_widgets":"","ocean_shortcode_before_footer_bottom":"","ocean_shortcode_after_footer_bottom":"","ocean_display_top_bar":"default","ocean_display_header":"default","ocean_header_style":"","ocean_center_header_left_menu":"0","ocean_custom_header_template":"0","ocean_custom_logo":0,"ocean_custom_retina_logo":0,"ocean_custom_logo_max_width":0,"ocean_custom_logo_tablet_max_width":0,"ocean_custom_logo_mobile_max_width":0,"ocean_custom_logo_max_height":0,"ocean_custom_logo_tablet_max_height":0,"ocean_custom_logo_mobile_max_height":0,"ocean_header_custom_menu":"0","ocean_menu_typo_font_family":"0","ocean_menu_typo_font_subset":"","ocean_menu_typo_font_size":0,"ocean_menu_typo_font_size_tablet":0,"ocean_menu_typo_font_size_mobile":0,"ocean_menu_typo_font_size_unit":"px","ocean_menu_typo_font_weight":"","ocean_menu_typo_font_weight_tablet":"","ocean_menu_typo_font_weight_mobile":"","ocean_menu_typo_transform":"","ocean_menu_typo_transform_tablet":"","ocean_menu_typo_transform_mobile":"","ocean_menu_typo_line_height":0,"ocean_menu_typo_line_height_tablet":0,"ocean_menu_typo_line_height_mobile":0,"ocean_menu_typo_line_height_unit":"","ocean_menu_typo_spacing":0,"ocean_menu_typo_spacing_tablet":0,"ocean_menu_typo_spacing_mobile":0,"ocean_menu_typo_spacing_unit":"","ocean_menu_link_color":"","ocean_menu_link_color_hover":"","ocean_menu_link_color_active":"","ocean_menu_link_background":"","ocean_menu_link_hover_background":"","ocean_menu_link_active_background":"","ocean_menu_social_links_bg":"","ocean_menu_social_hover_links_bg":"","ocean_menu_social_links_color":"","ocean_menu_social_hover_links_color":"","ocean_disable_title":"default","ocean_disable_heading":"default","ocean_post_title":"","ocean_post_subheading":"","ocean_post_title_style":"","ocean_post_title_background_color":"","ocean_post_title_background":0,"ocean_post_title_bg_image_position":"","ocean_post_title_bg_image_attachment":"","ocean_post_title_bg_image_repeat":"","ocean_post_title_bg_image_size":"","ocean_post_title_height":0,"ocean_post_title_bg_overlay":0.5,"ocean_post_title_bg_overlay_color":"","ocean_disable_breadcrumbs":"default","ocean_breadcrumbs_color":"","ocean_breadcrumbs_separator_color":"","ocean_breadcrumbs_links_color":"","ocean_breadcrumbs_links_hover_color":"","ocean_display_footer_widgets":"default","ocean_display_footer_bottom":"default","ocean_custom_footer_template":"0","_joinchat":[],"footnotes":""},"class_list":["post-5920","page","type-page","status-publish","has-post-thumbnail","hentry","entry","has-media"],"yoast_head":"<!-- This site is optimized with the Yoast SEO plugin v27.2 - https:\/\/yoast.com\/product\/yoast-seo-wordpress\/ -->\n<title>Camps - Rowing in Europe<\/title>\n<meta name=\"description\" content=\"Wir f\u00fchren hervorragende Rudercamps und Cliniques durch. Unsere Trainer sind erfolgreiche Weltmeister oder olympische Ruderer. Besuchen Sie uns in einem unserer Camps\" \/>\n<meta name=\"robots\" content=\"index, follow, max-snippet:-1, max-image-preview:large, max-video-preview:-1\" \/>\n<link rel=\"canonical\" href=\"https:\/\/rowing-in-europe.com\/de\/camps\/\" \/>\n<meta property=\"og:locale\" content=\"de_DE\" \/>\n<meta property=\"og:type\" content=\"article\" \/>\n<meta property=\"og:title\" content=\"Camps - Rowing in Europe\" \/>\n<meta property=\"og:description\" content=\"Wir f\u00fchren hervorragende Rudercamps und Cliniques durch. Unsere Trainer sind erfolgreiche Weltmeister oder olympische Ruderer. Besuchen Sie uns in einem unserer Camps\" \/>\n<meta property=\"og:url\" content=\"https:\/\/rowing-in-europe.com\/de\/camps\/\" \/>\n<meta property=\"og:site_name\" content=\"Rowing in Europe\" \/>\n<meta property=\"article:publisher\" content=\"https:\/\/www.facebook.com\/RowingInEurope\/\" \/>\n<meta property=\"article:modified_time\" content=\"2022-08-26T21:20:17+00:00\" \/>\n<meta property=\"og:image\" content=\"https:\/\/rowing-in-europe.com\/wp-content\/uploads\/2018\/01\/6-e1517824085826.jpg\" \/>\n\t<meta property=\"og:image:width\" content=\"1596\" \/>\n\t<meta property=\"og:image:height\" content=\"788\" \/>\n\t<meta property=\"og:image:type\" content=\"image\/jpeg\" \/>\n<meta name=\"twitter:card\" content=\"summary_large_image\" \/>\n<meta name=\"twitter:label1\" content=\"Gesch\u00e4tzte Lesezeit\" \/>\n\t<meta name=\"twitter:data1\" content=\"3\u00a0Minuten\" \/>\n<script type=\"application\/ld+json\" class=\"yoast-schema-graph\">{\"@context\":\"https:\/\/schema.org\",\"@graph\":[{\"@type\":\"WebPage\",\"@id\":\"https:\/\/rowing-in-europe.com\/de\/camps\/\",\"url\":\"https:\/\/rowing-in-europe.com\/de\/camps\/\",\"name\":\"Camps - Rowing in Europe\",\"isPartOf\":{\"@id\":\"https:\/\/rowing-in-europe.com\/de\/#website\"},\"primaryImageOfPage\":{\"@id\":\"https:\/\/rowing-in-europe.com\/de\/camps\/#primaryimage\"},\"image\":{\"@id\":\"https:\/\/rowing-in-europe.com\/de\/camps\/#primaryimage\"},\"thumbnailUrl\":\"https:\/\/rowing-in-europe.com\/wp-content\/uploads\/2018\/01\/6-e1517824085826.jpg\",\"datePublished\":\"2018-12-10T14:59:55+00:00\",\"dateModified\":\"2022-08-26T21:20:17+00:00\",\"description\":\"Wir f\u00fchren hervorragende Rudercamps und Cliniques durch. Unsere Trainer sind erfolgreiche Weltmeister oder olympische Ruderer. Besuchen Sie uns in einem unserer Camps\",\"breadcrumb\":{\"@id\":\"https:\/\/rowing-in-europe.com\/de\/camps\/#breadcrumb\"},\"inLanguage\":\"de\",\"potentialAction\":[{\"@type\":\"ReadAction\",\"target\":[\"https:\/\/rowing-in-europe.com\/de\/camps\/\"]}]},{\"@type\":\"ImageObject\",\"inLanguage\":\"de\",\"@id\":\"https:\/\/rowing-in-europe.com\/de\/camps\/#primaryimage\",\"url\":\"https:\/\/rowing-in-europe.com\/wp-content\/uploads\/2018\/01\/6-e1517824085826.jpg\",\"contentUrl\":\"https:\/\/rowing-in-europe.com\/wp-content\/uploads\/2018\/01\/6-e1517824085826.jpg\",\"width\":1596,\"height\":788},{\"@type\":\"BreadcrumbList\",\"@id\":\"https:\/\/rowing-in-europe.com\/de\/camps\/#breadcrumb\",\"itemListElement\":[{\"@type\":\"ListItem\",\"position\":1,\"name\":\"Start\",\"item\":\"https:\/\/rowing-in-europe.com\/de\/\"},{\"@type\":\"ListItem\",\"position\":2,\"name\":\"Camps\"}]},{\"@type\":\"WebSite\",\"@id\":\"https:\/\/rowing-in-europe.com\/de\/#website\",\"url\":\"https:\/\/rowing-in-europe.com\/de\/\",\"name\":\"Rowing in Europe\",\"description\":\"Rowing in Europe - Tours and More\",\"publisher\":{\"@id\":\"https:\/\/rowing-in-europe.com\/de\/#organization\"},\"potentialAction\":[{\"@type\":\"SearchAction\",\"target\":{\"@type\":\"EntryPoint\",\"urlTemplate\":\"https:\/\/rowing-in-europe.com\/de\/?s={search_term_string}\"},\"query-input\":{\"@type\":\"PropertyValueSpecification\",\"valueRequired\":true,\"valueName\":\"search_term_string\"}}],\"inLanguage\":\"de\"},{\"@type\":\"Organization\",\"@id\":\"https:\/\/rowing-in-europe.com\/de\/#organization\",\"name\":\"Rowing in Europe\",\"url\":\"https:\/\/rowing-in-europe.com\/de\/\",\"logo\":{\"@type\":\"ImageObject\",\"inLanguage\":\"de\",\"@id\":\"https:\/\/rowing-in-europe.com\/de\/#\/schema\/logo\/image\/\",\"url\":\"https:\/\/rowing-in-europe.com\/wp-content\/uploads\/2018\/09\/cropped-cropped-Logo_4c_RoInEu-e1660289546971.png\",\"contentUrl\":\"https:\/\/rowing-in-europe.com\/wp-content\/uploads\/2018\/09\/cropped-cropped-Logo_4c_RoInEu-e1660289546971.png\",\"width\":164,\"height\":57,\"caption\":\"Rowing in Europe\"},\"image\":{\"@id\":\"https:\/\/rowing-in-europe.com\/de\/#\/schema\/logo\/image\/\"},\"sameAs\":[\"https:\/\/www.facebook.com\/RowingInEurope\/\"]}]}<\/script>\n<!-- \/ Yoast SEO plugin. -->","yoast_head_json":{"title":"Camps - Rowing in Europe","description":"Wir f\u00fchren hervorragende Rudercamps und Cliniques durch. Unsere Trainer sind erfolgreiche Weltmeister oder olympische Ruderer. Besuchen Sie uns in einem unserer Camps","robots":{"index":"index","follow":"follow","max-snippet":"max-snippet:-1","max-image-preview":"max-image-preview:large","max-video-preview":"max-video-preview:-1"},"canonical":"https:\/\/rowing-in-europe.com\/de\/camps\/","og_locale":"de_DE","og_type":"article","og_title":"Camps - Rowing in Europe","og_description":"Wir f\u00fchren hervorragende Rudercamps und Cliniques durch. Unsere Trainer sind erfolgreiche Weltmeister oder olympische Ruderer. Besuchen Sie uns in einem unserer Camps","og_url":"https:\/\/rowing-in-europe.com\/de\/camps\/","og_site_name":"Rowing in Europe","article_publisher":"https:\/\/www.facebook.com\/RowingInEurope\/","article_modified_time":"2022-08-26T21:20:17+00:00","og_image":[{"width":1596,"height":788,"url":"https:\/\/rowing-in-europe.com\/wp-content\/uploads\/2018\/01\/6-e1517824085826.jpg","type":"image\/jpeg"}],"twitter_card":"summary_large_image","twitter_misc":{"Gesch\u00e4tzte Lesezeit":"3\u00a0Minuten"},"schema":{"@context":"https:\/\/schema.org","@graph":[{"@type":"WebPage","@id":"https:\/\/rowing-in-europe.com\/de\/camps\/","url":"https:\/\/rowing-in-europe.com\/de\/camps\/","name":"Camps - Rowing in Europe","isPartOf":{"@id":"https:\/\/rowing-in-europe.com\/de\/#website"},"primaryImageOfPage":{"@id":"https:\/\/rowing-in-europe.com\/de\/camps\/#primaryimage"},"image":{"@id":"https:\/\/rowing-in-europe.com\/de\/camps\/#primaryimage"},"thumbnailUrl":"https:\/\/rowing-in-europe.com\/wp-content\/uploads\/2018\/01\/6-e1517824085826.jpg","datePublished":"2018-12-10T14:59:55+00:00","dateModified":"2022-08-26T21:20:17+00:00","description":"Wir f\u00fchren hervorragende Rudercamps und Cliniques durch. Unsere Trainer sind erfolgreiche Weltmeister oder olympische Ruderer. Besuchen Sie uns in einem unserer Camps","breadcrumb":{"@id":"https:\/\/rowing-in-europe.com\/de\/camps\/#breadcrumb"},"inLanguage":"de","potentialAction":[{"@type":"ReadAction","target":["https:\/\/rowing-in-europe.com\/de\/camps\/"]}]},{"@type":"ImageObject","inLanguage":"de","@id":"https:\/\/rowing-in-europe.com\/de\/camps\/#primaryimage","url":"https:\/\/rowing-in-europe.com\/wp-content\/uploads\/2018\/01\/6-e1517824085826.jpg","contentUrl":"https:\/\/rowing-in-europe.com\/wp-content\/uploads\/2018\/01\/6-e1517824085826.jpg","width":1596,"height":788},{"@type":"BreadcrumbList","@id":"https:\/\/rowing-in-europe.com\/de\/camps\/#breadcrumb","itemListElement":[{"@type":"ListItem","position":1,"name":"Start","item":"https:\/\/rowing-in-europe.com\/de\/"},{"@type":"ListItem","position":2,"name":"Camps"}]},{"@type":"WebSite","@id":"https:\/\/rowing-in-europe.com\/de\/#website","url":"https:\/\/rowing-in-europe.com\/de\/","name":"Rowing in Europe","description":"Rowing in Europe - Tours and More","publisher":{"@id":"https:\/\/rowing-in-europe.com\/de\/#organization"},"potentialAction":[{"@type":"SearchAction","target":{"@type":"EntryPoint","urlTemplate":"https:\/\/rowing-in-europe.com\/de\/?s={search_term_string}"},"query-input":{"@type":"PropertyValueSpecification","valueRequired":true,"valueName":"search_term_string"}}],"inLanguage":"de"},{"@type":"Organization","@id":"https:\/\/rowing-in-europe.com\/de\/#organization","name":"Rowing in Europe","url":"https:\/\/rowing-in-europe.com\/de\/","logo":{"@type":"ImageObject","inLanguage":"de","@id":"https:\/\/rowing-in-europe.com\/de\/#\/schema\/logo\/image\/","url":"https:\/\/rowing-in-europe.com\/wp-content\/uploads\/2018\/09\/cropped-cropped-Logo_4c_RoInEu-e1660289546971.png","contentUrl":"https:\/\/rowing-in-europe.com\/wp-content\/uploads\/2018\/09\/cropped-cropped-Logo_4c_RoInEu-e1660289546971.png","width":164,"height":57,"caption":"Rowing in Europe"},"image":{"@id":"https:\/\/rowing-in-europe.com\/de\/#\/schema\/logo\/image\/"},"sameAs":["https:\/\/www.facebook.com\/RowingInEurope\/"]}]}},"_links":{"self":[{"href":"https:\/\/rowing-in-europe.com\/de\/wp-json\/wp\/v2\/pages\/5920","targetHints":{"allow":["GET"]}}],"collection":[{"href":"https:\/\/rowing-in-europe.com\/de\/wp-json\/wp\/v2\/pages"}],"about":[{"href":"https:\/\/rowing-in-europe.com\/de\/wp-json\/wp\/v2\/types\/page"}],"author":[{"embeddable":true,"href":"https:\/\/rowing-in-europe.com\/de\/wp-json\/wp\/v2\/users\/1"}],"replies":[{"embeddable":true,"href":"https:\/\/rowing-in-europe.com\/de\/wp-json\/wp\/v2\/comments?post=5920"}],"version-history":[{"count":0,"href":"https:\/\/rowing-in-europe.com\/de\/wp-json\/wp\/v2\/pages\/5920\/revisions"}],"wp:featuredmedia":[{"embeddable":true,"href":"https:\/\/rowing-in-europe.com\/de\/wp-json\/wp\/v2\/media\/62"}],"wp:attachment":[{"href":"https:\/\/rowing-in-europe.com\/de\/wp-json\/wp\/v2\/media?parent=5920"}],"curies":[{"name":"wp","href":"https:\/\/api.w.org\/{rel}","templated":true}]}}