{"id":5922,"date":"2018-09-05T15:47:27","date_gmt":"2018-09-05T13:47:27","guid":{"rendered":"https:\/\/staging.rowing-in-europe.com\/test\/blog\/"},"modified":"2024-04-09T14:42:04","modified_gmt":"2024-04-09T12:42:04","slug":"blog","status":"publish","type":"page","link":"https:\/\/rowing-in-europe.com\/de\/blog\/","title":{"rendered":"Blog"},"content":{"rendered":"\t\t<div data-elementor-type=\"wp-page\" data-elementor-id=\"5922\" class=\"elementor elementor-5922 elementor-2991\" data-elementor-post-type=\"page\">\n\t\t\t\t\t\t<section class=\"elementor-section elementor-top-section elementor-element elementor-element-f8625f0 elementor-section-boxed elementor-section-height-default elementor-section-height-default\" data-id=\"f8625f0\" data-element_type=\"section\" data-e-type=\"section\">\n\t\t\t\t\t\t<div class=\"elementor-container elementor-column-gap-default\">\n\t\t\t\t\t<div class=\"elementor-column elementor-col-50 elementor-top-column elementor-element elementor-element-7a29f0a\" data-id=\"7a29f0a\" data-element_type=\"column\" data-e-type=\"column\">\n\t\t\t<div class=\"elementor-widget-wrap elementor-element-populated\">\n\t\t\t\t\t\t\t<\/div>\n\t\t<\/div>\n\t\t\t\t<div class=\"elementor-column elementor-col-50 elementor-top-column elementor-element elementor-element-2e1c18b\" data-id=\"2e1c18b\" data-element_type=\"column\" data-e-type=\"column\">\n\t\t\t<div class=\"elementor-widget-wrap elementor-element-populated\">\n\t\t\t\t\t\t<div class=\"elementor-element elementor-element-4eb350d elementor-widget elementor-widget-sidebar\" data-id=\"4eb350d\" data-element_type=\"widget\" data-e-type=\"widget\" data-widget_type=\"sidebar.default\">\n\t\t\t\t<div class=\"elementor-widget-container\">\n\t\t\t\t\t<div id=\"block-5\" class=\"sidebar-box widget_block clr\">\n<h2 class=\"wp-block-heading has-text-align-center\"><strong>Niemals die neusten Beitr\u00e4ge und Aktionen verpassen:<\/strong><\/h2>\n<\/div><div id=\"block-11\" class=\"sidebar-box widget_block clr\">\n<div class=\"wp-block-buttons is-content-justification-center is-layout-flex wp-container-core-buttons-is-layout-16018d1d wp-block-buttons-is-layout-flex\">\n<div class=\"wp-block-button\"><a class=\"wp-block-button__link wp-element-button\" href=\"http:\/\/eepurl.com\/imyEA-\/\">Unseren Newsletter abonnieren<\/a><\/div>\n<\/div>\n<\/div><div id=\"block-7\" class=\"sidebar-box widget_block clr\"><\/div><div id=\"block-14\" class=\"sidebar-box widget_block clr\"><\/div><div id=\"block-16\" class=\"sidebar-box widget_block clr\"><\/div><div id=\"block-17\" class=\"sidebar-box widget_block clr\">\n<h2 class=\"wp-block-heading has-text-align-center\">Rudernetzwerk<\/h2>\n<\/div><div id=\"block-15\" class=\"sidebar-box widget_block clr\">\n<ul class=\"wp-block-social-links has-visible-labels is-style-logos-only is-content-justification-center is-layout-flex wp-container-core-social-links-is-layout-16018d1d wp-block-social-links-is-layout-flex\"><li class=\"wp-social-link wp-social-link-chain  wp-block-social-link\"><a rel=\"noopener nofollow\" target=\"_blank\" href=\"https:\/\/linktr.ee\/Rowing_In_Europe\" class=\"wp-block-social-link-anchor\"><svg width=\"24\" height=\"24\" viewBox=\"0 0 24 24\" version=\"1.1\" xmlns=\"http:\/\/www.w3.org\/2000\/svg\" aria-hidden=\"true\" focusable=\"false\"><path d=\"M15.6,7.2H14v1.5h1.6c2,0,3.7,1.7,3.7,3.7s-1.7,3.7-3.7,3.7H14v1.5h1.6c2.8,0,5.2-2.3,5.2-5.2,0-2.9-2.3-5.2-5.2-5.2zM4.7,12.4c0-2,1.7-3.7,3.7-3.7H10V7.2H8.4c-2.9,0-5.2,2.3-5.2,5.2,0,2.9,2.3,5.2,5.2,5.2H10v-1.5H8.4c-2,0-3.7-1.7-3.7-3.7zm4.6.9h5.3v-1.5H9.3v1.5z\"><\/path><\/svg><span class=\"wp-block-social-link-label\">linktr.ee\/Rowing_In_Europe<\/span><\/a><\/li><\/ul>\n<\/div><div id=\"ocean_facebook-2\" class=\"sidebar-box widget_facebook_likebox clr\"><h4 class=\"widget-title\"><a href=\"https:\/\/www.facebook.com\/RowingInEurope\">Facebook<\/a><\/h4>\r\n\t\t\t<iframe data-src=\"https:\/\/www.facebook.com\/plugins\/likebox.php?href=https%3A%2F%2Fwww.facebook.com%2FRowingInEurope&#038;width=300&#038;height=300&#038;colorscheme=dark&#038;show_faces=true&#038;stream=true&#038;show_border=true&#038;header=false&#038;force_wall=false\" scrolling=\"no\" frameborder=\"0\" style=\"border: none; overflow: hidden; width: 300px;  height: 300px; background: #000\" src=\"data:image\/svg+xml;base64,PHN2ZyB3aWR0aD0iMSIgaGVpZ2h0PSIxIiB4bWxucz0iaHR0cDovL3d3dy53My5vcmcvMjAwMC9zdmciPjwvc3ZnPg==\" class=\"lazyload\" data-load-mode=\"1\"><\/iframe>\r\n\t\t\t\t\t\t\t\t\t<\/div><div id=\"block-4\" class=\"sidebar-box widget_block clr\"><div id=\"rowin-781115026\" class=\"rowin-seitenleiste\"><div class=\"rowin-adlabel\">Werbung<\/div><script async src=\"\/\/pagead2.googlesyndication.com\/pagead\/js\/adsbygoogle.js?client=ca-pub-2249272050944581\" crossorigin=\"anonymous\"><\/script><ins class=\"adsbygoogle\" style=\"display:block;\" data-ad-client=\"ca-pub-2249272050944581\" \ndata-ad-slot=\"2610601605\" \ndata-ad-format=\"auto\"><\/ins>\n<script> \n(adsbygoogle = window.adsbygoogle || []).push({}); \n<\/script>\n<\/div><\/div>\t\t\t\t<\/div>\n\t\t\t\t<\/div>\n\t\t\t\t\t<\/div>\n\t\t<\/div>\n\t\t\t\t\t<\/div>\n\t\t<\/section>\n\t\t\t\t<\/div>\n\t\t<div id=\"rowin-2790355749\" class=\"rowin-nach-dem-inhalt\" style=\"margin-left: auto;margin-right: auto;text-align: center;\"><div class=\"rowin-adlabel\">Werbung<\/div><script async src=\"\/\/pagead2.googlesyndication.com\/pagead\/js\/adsbygoogle.js?client=ca-pub-2249272050944581\" crossorigin=\"anonymous\"><\/script><ins class=\"adsbygoogle\" style=\"display:block;\" data-ad-client=\"ca-pub-2249272050944581\" \ndata-ad-slot=\"3851531088\" \ndata-ad-format=\"auto\"><\/ins>\n<script> \n(adsbygoogle = window.adsbygoogle || []).push({}); \n<\/script>\n<\/div>","protected":false},"excerpt":{"rendered":"","protected":false},"author":1,"featured_media":62,"parent":0,"menu_order":0,"comment_status":"closed","ping_status":"closed","template":"","meta":{"ocean_post_layout":"","ocean_both_sidebars_style":"","ocean_both_sidebars_content_width":0,"ocean_both_sidebars_sidebars_width":0,"ocean_sidebar":"0","ocean_second_sidebar":"0","ocean_disable_margins":"enable","ocean_add_body_class":"","ocean_shortcode_before_top_bar":"","ocean_shortcode_after_top_bar":"","ocean_shortcode_before_header":"","ocean_shortcode_after_header":"","ocean_has_shortcode":"","ocean_shortcode_after_title":"","ocean_shortcode_before_footer_widgets":"","ocean_shortcode_after_footer_widgets":"","ocean_shortcode_before_footer_bottom":"","ocean_shortcode_after_footer_bottom":"","ocean_display_top_bar":"default","ocean_display_header":"default","ocean_header_style":"","ocean_center_header_left_menu":"0","ocean_custom_header_template":"0","ocean_custom_logo":0,"ocean_custom_retina_logo":0,"ocean_custom_logo_max_width":0,"ocean_custom_logo_tablet_max_width":0,"ocean_custom_logo_mobile_max_width":0,"ocean_custom_logo_max_height":0,"ocean_custom_logo_tablet_max_height":0,"ocean_custom_logo_mobile_max_height":0,"ocean_header_custom_menu":"0","ocean_menu_typo_font_family":"0","ocean_menu_typo_font_subset":"","ocean_menu_typo_font_size":0,"ocean_menu_typo_font_size_tablet":0,"ocean_menu_typo_font_size_mobile":0,"ocean_menu_typo_font_size_unit":"px","ocean_menu_typo_font_weight":"","ocean_menu_typo_font_weight_tablet":"","ocean_menu_typo_font_weight_mobile":"","ocean_menu_typo_transform":"","ocean_menu_typo_transform_tablet":"","ocean_menu_typo_transform_mobile":"","ocean_menu_typo_line_height":0,"ocean_menu_typo_line_height_tablet":0,"ocean_menu_typo_line_height_mobile":0,"ocean_menu_typo_line_height_unit":"","ocean_menu_typo_spacing":0,"ocean_menu_typo_spacing_tablet":0,"ocean_menu_typo_spacing_mobile":0,"ocean_menu_typo_spacing_unit":"","ocean_menu_link_color":"","ocean_menu_link_color_hover":"","ocean_menu_link_color_active":"","ocean_menu_link_background":"","ocean_menu_link_hover_background":"","ocean_menu_link_active_background":"","ocean_menu_social_links_bg":"","ocean_menu_social_hover_links_bg":"","ocean_menu_social_links_color":"","ocean_menu_social_hover_links_color":"","ocean_disable_title":"default","ocean_disable_heading":"default","ocean_post_title":"","ocean_post_subheading":"","ocean_post_title_style":"","ocean_post_title_background_color":"","ocean_post_title_background":0,"ocean_post_title_bg_image_position":"","ocean_post_title_bg_image_attachment":"","ocean_post_title_bg_image_repeat":"","ocean_post_title_bg_image_size":"","ocean_post_title_height":0,"ocean_post_title_bg_overlay":0.5,"ocean_post_title_bg_overlay_color":"","ocean_disable_breadcrumbs":"default","ocean_breadcrumbs_color":"","ocean_breadcrumbs_separator_color":"","ocean_breadcrumbs_links_color":"","ocean_breadcrumbs_links_hover_color":"","ocean_display_footer_widgets":"default","ocean_display_footer_bottom":"default","ocean_custom_footer_template":"0","_joinchat":[],"footnotes":""},"class_list":["post-5922","page","type-page","status-publish","has-post-thumbnail","hentry","entry","has-media"],"yoast_head":"<!-- This site is optimized with the Yoast SEO plugin v27.2 - https:\/\/yoast.com\/product\/yoast-seo-wordpress\/ -->\n<title>Blog - Rowing in Europe<\/title>\n<meta name=\"description\" content=\"Mit Rowing in Europe auf den besten Fl\u00fcssen und Seen der Welt rudern. Wir bloggen \u00fcber Wanderrudern, Ruderurlaub und stellen Produkte f\u00fcr Wanderruderer vor.\" \/>\n<meta name=\"robots\" content=\"index, follow, max-snippet:-1, max-image-preview:large, max-video-preview:-1\" \/>\n<link rel=\"canonical\" href=\"https:\/\/rowing-in-europe.com\/de\/blog\/\" \/>\n<meta property=\"og:locale\" content=\"de_DE\" \/>\n<meta property=\"og:type\" content=\"article\" \/>\n<meta property=\"og:title\" content=\"Blog - Rowing in Europe\" \/>\n<meta property=\"og:description\" content=\"Mit Rowing in Europe auf den besten Fl\u00fcssen und Seen der Welt rudern. Wir bloggen \u00fcber Wanderrudern, Ruderurlaub und stellen Produkte f\u00fcr Wanderruderer vor.\" \/>\n<meta property=\"og:url\" content=\"https:\/\/rowing-in-europe.com\/de\/blog\/\" \/>\n<meta property=\"og:site_name\" content=\"Rowing in Europe\" \/>\n<meta property=\"article:publisher\" content=\"https:\/\/www.facebook.com\/RowingInEurope\/\" \/>\n<meta property=\"article:modified_time\" content=\"2024-04-09T12:42:04+00:00\" \/>\n<meta property=\"og:image\" content=\"https:\/\/rowing-in-europe.com\/wp-content\/uploads\/2018\/01\/6-e1517824085826.jpg\" \/>\n\t<meta property=\"og:image:width\" content=\"1596\" \/>\n\t<meta property=\"og:image:height\" content=\"788\" \/>\n\t<meta property=\"og:image:type\" content=\"image\/jpeg\" \/>\n<meta name=\"twitter:card\" content=\"summary_large_image\" \/>\n<script type=\"application\/ld+json\" class=\"yoast-schema-graph\">{\"@context\":\"https:\/\/schema.org\",\"@graph\":[{\"@type\":\"WebPage\",\"@id\":\"https:\/\/rowing-in-europe.com\/de\/blog\/\",\"url\":\"https:\/\/rowing-in-europe.com\/de\/blog\/\",\"name\":\"Blog - Rowing in Europe\",\"isPartOf\":{\"@id\":\"https:\/\/rowing-in-europe.com\/de\/#website\"},\"primaryImageOfPage\":{\"@id\":\"https:\/\/rowing-in-europe.com\/de\/blog\/#primaryimage\"},\"image\":{\"@id\":\"https:\/\/rowing-in-europe.com\/de\/blog\/#primaryimage\"},\"thumbnailUrl\":\"https:\/\/rowing-in-europe.com\/wp-content\/uploads\/2018\/01\/6-e1517824085826.jpg\",\"datePublished\":\"2018-09-05T13:47:27+00:00\",\"dateModified\":\"2024-04-09T12:42:04+00:00\",\"description\":\"Mit Rowing in Europe auf den besten Fl\u00fcssen und Seen der Welt rudern. Wir bloggen \u00fcber Wanderrudern, Ruderurlaub und stellen Produkte f\u00fcr Wanderruderer vor.\",\"breadcrumb\":{\"@id\":\"https:\/\/rowing-in-europe.com\/de\/blog\/#breadcrumb\"},\"inLanguage\":\"de\",\"potentialAction\":[{\"@type\":\"ReadAction\",\"target\":[\"https:\/\/rowing-in-europe.com\/de\/blog\/\"]}]},{\"@type\":\"ImageObject\",\"inLanguage\":\"de\",\"@id\":\"https:\/\/rowing-in-europe.com\/de\/blog\/#primaryimage\",\"url\":\"https:\/\/rowing-in-europe.com\/wp-content\/uploads\/2018\/01\/6-e1517824085826.jpg\",\"contentUrl\":\"https:\/\/rowing-in-europe.com\/wp-content\/uploads\/2018\/01\/6-e1517824085826.jpg\",\"width\":1596,\"height\":788},{\"@type\":\"BreadcrumbList\",\"@id\":\"https:\/\/rowing-in-europe.com\/de\/blog\/#breadcrumb\",\"itemListElement\":[{\"@type\":\"ListItem\",\"position\":1,\"name\":\"Start\",\"item\":\"https:\/\/rowing-in-europe.com\/de\/\"},{\"@type\":\"ListItem\",\"position\":2,\"name\":\"Blog\"}]},{\"@type\":\"WebSite\",\"@id\":\"https:\/\/rowing-in-europe.com\/de\/#website\",\"url\":\"https:\/\/rowing-in-europe.com\/de\/\",\"name\":\"Rowing in Europe\",\"description\":\"Rowing in Europe - Tours and More\",\"publisher\":{\"@id\":\"https:\/\/rowing-in-europe.com\/de\/#organization\"},\"potentialAction\":[{\"@type\":\"SearchAction\",\"target\":{\"@type\":\"EntryPoint\",\"urlTemplate\":\"https:\/\/rowing-in-europe.com\/de\/?s={search_term_string}\"},\"query-input\":{\"@type\":\"PropertyValueSpecification\",\"valueRequired\":true,\"valueName\":\"search_term_string\"}}],\"inLanguage\":\"de\"},{\"@type\":\"Organization\",\"@id\":\"https:\/\/rowing-in-europe.com\/de\/#organization\",\"name\":\"Rowing in Europe\",\"url\":\"https:\/\/rowing-in-europe.com\/de\/\",\"logo\":{\"@type\":\"ImageObject\",\"inLanguage\":\"de\",\"@id\":\"https:\/\/rowing-in-europe.com\/de\/#\/schema\/logo\/image\/\",\"url\":\"https:\/\/rowing-in-europe.com\/wp-content\/uploads\/2018\/09\/cropped-cropped-Logo_4c_RoInEu-e1660289546971.png\",\"contentUrl\":\"https:\/\/rowing-in-europe.com\/wp-content\/uploads\/2018\/09\/cropped-cropped-Logo_4c_RoInEu-e1660289546971.png\",\"width\":164,\"height\":57,\"caption\":\"Rowing in Europe\"},\"image\":{\"@id\":\"https:\/\/rowing-in-europe.com\/de\/#\/schema\/logo\/image\/\"},\"sameAs\":[\"https:\/\/www.facebook.com\/RowingInEurope\/\"]}]}<\/script>\n<!-- \/ Yoast SEO plugin. -->","yoast_head_json":{"title":"Blog - Rowing in Europe","description":"Mit Rowing in Europe auf den besten Fl\u00fcssen und Seen der Welt rudern. Wir bloggen \u00fcber Wanderrudern, Ruderurlaub und stellen Produkte f\u00fcr Wanderruderer vor.","robots":{"index":"index","follow":"follow","max-snippet":"max-snippet:-1","max-image-preview":"max-image-preview:large","max-video-preview":"max-video-preview:-1"},"canonical":"https:\/\/rowing-in-europe.com\/de\/blog\/","og_locale":"de_DE","og_type":"article","og_title":"Blog - Rowing in Europe","og_description":"Mit Rowing in Europe auf den besten Fl\u00fcssen und Seen der Welt rudern. Wir bloggen \u00fcber Wanderrudern, Ruderurlaub und stellen Produkte f\u00fcr Wanderruderer vor.","og_url":"https:\/\/rowing-in-europe.com\/de\/blog\/","og_site_name":"Rowing in Europe","article_publisher":"https:\/\/www.facebook.com\/RowingInEurope\/","article_modified_time":"2024-04-09T12:42:04+00:00","og_image":[{"width":1596,"height":788,"url":"https:\/\/rowing-in-europe.com\/wp-content\/uploads\/2018\/01\/6-e1517824085826.jpg","type":"image\/jpeg"}],"twitter_card":"summary_large_image","schema":{"@context":"https:\/\/schema.org","@graph":[{"@type":"WebPage","@id":"https:\/\/rowing-in-europe.com\/de\/blog\/","url":"https:\/\/rowing-in-europe.com\/de\/blog\/","name":"Blog - Rowing in Europe","isPartOf":{"@id":"https:\/\/rowing-in-europe.com\/de\/#website"},"primaryImageOfPage":{"@id":"https:\/\/rowing-in-europe.com\/de\/blog\/#primaryimage"},"image":{"@id":"https:\/\/rowing-in-europe.com\/de\/blog\/#primaryimage"},"thumbnailUrl":"https:\/\/rowing-in-europe.com\/wp-content\/uploads\/2018\/01\/6-e1517824085826.jpg","datePublished":"2018-09-05T13:47:27+00:00","dateModified":"2024-04-09T12:42:04+00:00","description":"Mit Rowing in Europe auf den besten Fl\u00fcssen und Seen der Welt rudern. Wir bloggen \u00fcber Wanderrudern, Ruderurlaub und stellen Produkte f\u00fcr Wanderruderer vor.","breadcrumb":{"@id":"https:\/\/rowing-in-europe.com\/de\/blog\/#breadcrumb"},"inLanguage":"de","potentialAction":[{"@type":"ReadAction","target":["https:\/\/rowing-in-europe.com\/de\/blog\/"]}]},{"@type":"ImageObject","inLanguage":"de","@id":"https:\/\/rowing-in-europe.com\/de\/blog\/#primaryimage","url":"https:\/\/rowing-in-europe.com\/wp-content\/uploads\/2018\/01\/6-e1517824085826.jpg","contentUrl":"https:\/\/rowing-in-europe.com\/wp-content\/uploads\/2018\/01\/6-e1517824085826.jpg","width":1596,"height":788},{"@type":"BreadcrumbList","@id":"https:\/\/rowing-in-europe.com\/de\/blog\/#breadcrumb","itemListElement":[{"@type":"ListItem","position":1,"name":"Start","item":"https:\/\/rowing-in-europe.com\/de\/"},{"@type":"ListItem","position":2,"name":"Blog"}]},{"@type":"WebSite","@id":"https:\/\/rowing-in-europe.com\/de\/#website","url":"https:\/\/rowing-in-europe.com\/de\/","name":"Rowing in Europe","description":"Rowing in Europe - Tours and More","publisher":{"@id":"https:\/\/rowing-in-europe.com\/de\/#organization"},"potentialAction":[{"@type":"SearchAction","target":{"@type":"EntryPoint","urlTemplate":"https:\/\/rowing-in-europe.com\/de\/?s={search_term_string}"},"query-input":{"@type":"PropertyValueSpecification","valueRequired":true,"valueName":"search_term_string"}}],"inLanguage":"de"},{"@type":"Organization","@id":"https:\/\/rowing-in-europe.com\/de\/#organization","name":"Rowing in Europe","url":"https:\/\/rowing-in-europe.com\/de\/","logo":{"@type":"ImageObject","inLanguage":"de","@id":"https:\/\/rowing-in-europe.com\/de\/#\/schema\/logo\/image\/","url":"https:\/\/rowing-in-europe.com\/wp-content\/uploads\/2018\/09\/cropped-cropped-Logo_4c_RoInEu-e1660289546971.png","contentUrl":"https:\/\/rowing-in-europe.com\/wp-content\/uploads\/2018\/09\/cropped-cropped-Logo_4c_RoInEu-e1660289546971.png","width":164,"height":57,"caption":"Rowing in Europe"},"image":{"@id":"https:\/\/rowing-in-europe.com\/de\/#\/schema\/logo\/image\/"},"sameAs":["https:\/\/www.facebook.com\/RowingInEurope\/"]}]}},"_links":{"self":[{"href":"https:\/\/rowing-in-europe.com\/de\/wp-json\/wp\/v2\/pages\/5922","targetHints":{"allow":["GET"]}}],"collection":[{"href":"https:\/\/rowing-in-europe.com\/de\/wp-json\/wp\/v2\/pages"}],"about":[{"href":"https:\/\/rowing-in-europe.com\/de\/wp-json\/wp\/v2\/types\/page"}],"author":[{"embeddable":true,"href":"https:\/\/rowing-in-europe.com\/de\/wp-json\/wp\/v2\/users\/1"}],"replies":[{"embeddable":true,"href":"https:\/\/rowing-in-europe.com\/de\/wp-json\/wp\/v2\/comments?post=5922"}],"version-history":[{"count":1,"href":"https:\/\/rowing-in-europe.com\/de\/wp-json\/wp\/v2\/pages\/5922\/revisions"}],"predecessor-version":[{"id":6725,"href":"https:\/\/rowing-in-europe.com\/de\/wp-json\/wp\/v2\/pages\/5922\/revisions\/6725"}],"wp:featuredmedia":[{"embeddable":true,"href":"https:\/\/rowing-in-europe.com\/de\/wp-json\/wp\/v2\/media\/62"}],"wp:attachment":[{"href":"https:\/\/rowing-in-europe.com\/de\/wp-json\/wp\/v2\/media?parent=5922"}],"curies":[{"name":"wp","href":"https:\/\/api.w.org\/{rel}","templated":true}]}}