{"id":5932,"date":"2018-04-05T07:27:03","date_gmt":"2018-04-05T05:27:03","guid":{"rendered":"https:\/\/staging.rowing-in-europe.com\/test\/registrierung\/"},"modified":"2022-08-25T23:56:27","modified_gmt":"2022-08-25T21:56:27","slug":"registrierung","status":"publish","type":"page","link":"https:\/\/rowing-in-europe.com\/de\/registrierung\/","title":{"rendered":"Registrierung"},"content":{"rendered":"\t\t<div data-elementor-type=\"wp-page\" data-elementor-id=\"5932\" class=\"elementor elementor-5932 elementor-1114\" data-elementor-post-type=\"page\">\n\t\t\t\t\t\t<section class=\"elementor-section elementor-top-section elementor-element elementor-element-77a7568b elementor-section-boxed elementor-section-height-default elementor-section-height-default\" data-id=\"77a7568b\" data-element_type=\"section\" data-e-type=\"section\">\n\t\t\t\t\t\t<div class=\"elementor-container elementor-column-gap-default\">\n\t\t\t\t\t<div class=\"elementor-column elementor-col-100 elementor-top-column elementor-element elementor-element-7fe48599\" data-id=\"7fe48599\" data-element_type=\"column\" data-e-type=\"column\">\n\t\t\t<div class=\"elementor-widget-wrap elementor-element-populated\">\n\t\t\t\t\t\t<div class=\"elementor-element elementor-element-3e64104 elementor-widget elementor-widget-heading\" data-id=\"3e64104\" data-element_type=\"widget\" data-e-type=\"widget\" data-widget_type=\"heading.default\">\n\t\t\t\t<div class=\"elementor-widget-container\">\n\t\t\t\t\t<h1 class=\"elementor-heading-title elementor-size-default\">Buchung\/Kontakt<\/h1>\t\t\t\t<\/div>\n\t\t\t\t<\/div>\n\t\t\t\t<div class=\"elementor-element elementor-element-e76a11d elementor-widget elementor-widget-shortcode\" data-id=\"e76a11d\" data-element_type=\"widget\" data-e-type=\"widget\" data-widget_type=\"shortcode.default\">\n\t\t\t\t<div class=\"elementor-widget-container\">\n\t\t\t\t\t\t\t<div class=\"elementor-shortcode\">\n<div class=\"wpcf7 no-js\" id=\"wpcf7-f5974-o1\" lang=\"de-DE\" dir=\"ltr\" data-wpcf7-id=\"5974\">\n<div class=\"screen-reader-response\"><p role=\"status\" aria-live=\"polite\" aria-atomic=\"true\"><\/p> <ul><\/ul><\/div>\n<form action=\"\/de\/wp-json\/wp\/v2\/pages\/5932#wpcf7-f5974-o1\" method=\"post\" class=\"wpcf7-form init\" aria-label=\"Kontaktformular\" novalidate=\"novalidate\" data-status=\"init\">\n<fieldset class=\"hidden-fields-container\"><input type=\"hidden\" name=\"_wpcf7\" value=\"5974\" \/><input type=\"hidden\" name=\"_wpcf7_version\" value=\"6.1.5\" \/><input type=\"hidden\" name=\"_wpcf7_locale\" value=\"de_DE\" \/><input type=\"hidden\" name=\"_wpcf7_unit_tag\" value=\"wpcf7-f5974-o1\" \/><input type=\"hidden\" name=\"_wpcf7_container_post\" value=\"0\" \/><input type=\"hidden\" name=\"_wpcf7_posted_data_hash\" value=\"\" \/><input type=\"hidden\" name=\"_wpcf7_recaptcha_response\" value=\"\" \/>\n<\/fieldset>\n<p><label> Betreff<br \/>\n<span class=\"wpcf7-form-control-wrap\" data-name=\"subject-dropdown\"><select class=\"wpcf7-form-control wpcf7-select wpcf7-validates-as-required\" aria-required=\"true\" aria-invalid=\"false\" name=\"subject-dropdown\"><option value=\"Buchung\">Buchung<\/option><option value=\"Camp\">Camp<\/option><option value=\"Frage\/Anregungen\">Frage\/Anregungen<\/option><\/select><\/span> <\/label>\n<\/p>\n<p>[group group-booking]<br \/>\n<label> Tour w\u00e4hlen*<br \/>\n<select name=\"your-field-name\" id=\"your-field-name-options\"><option value=\"3 Insel Tour &#8211; Ostfriesland Tour\">3 Insel Tour &#8211; Ostfriesland Tour<\/option><option value=\"China Fuyang Area\">China Fuyang Area<\/option><option value=\"Dubai, VAE\">Dubai, VAE<\/option><option value=\"Frankreich: Epernay nach Paris\">Frankreich: Epernay nach Paris<\/option><option value=\"Galicia\">Galicia<\/option><option value=\"GIG &#8211; Rudern in Spanien &#8211; Bucht von Santander\">GIG &#8211; Rudern in Spanien &#8211; Bucht von Santander<\/option><option value=\"Italien Adriatisches Meer\">Italien Adriatisches Meer<\/option><option value=\"K\u00fcstenrudern in Frankreich, Atlantik\">K\u00fcstenrudern in Frankreich, Atlantik<\/option><option value=\"One Tour zwei L\u00e4nder Tschechische Republik und Deutschland\">One Tour zwei L\u00e4nder Tschechische Republik und Deutschland<\/option><option value=\"Rudern auf der Nordsee und im Wattenmeer. Urlaub im UNESCO-Weltnaturerbe\">Rudern auf der Nordsee und im Wattenmeer. Urlaub im UNESCO-Weltnaturerbe<\/option><option value=\"Rudern in Amerika &#8211; Florida\">Rudern in Amerika &#8211; Florida<\/option><option value=\"Rudern in Amsterdam\">Rudern in Amsterdam<\/option><option value=\"Rudern in Belgien\">Rudern in Belgien<\/option><option value=\"Rudern in Belgien\">Rudern in Belgien<\/option><option value=\"Rudern in Deutschland &#8211; Berlin\">Rudern in Deutschland &#8211; Berlin<\/option><option value=\"Rudern in Deutschland &#8211; Die Mosel\">Rudern in Deutschland &#8211; Die Mosel<\/option><option value=\"Rudern in Deutschland &#8211; Mecklenburgische und Norddeutsche Seenplatte\">Rudern in Deutschland &#8211; Mecklenburgische und Norddeutsche Seenplatte<\/option><option value=\"Rudern in Deutschland Bayern\">Rudern in Deutschland Bayern<\/option><option value=\"Rudern in England &#8211; Rudertour auf der Themse\">Rudern in England &#8211; Rudertour auf der Themse<\/option><option value=\"Rudern in Estland\">Rudern in Estland<\/option><option value=\"Rudern in Holland\">Rudern in Holland<\/option><option value=\"Rudern in Holland\">Rudern in Holland<\/option><option value=\"Rudern in Italien &#8211; Vogalonga und Adriatisches Meer\">Rudern in Italien &#8211; Vogalonga und Adriatisches Meer<\/option><option value=\"Rudern in Kanada\">Rudern in Kanada<\/option><option value=\"Rudern in Kanada\">Rudern in Kanada<\/option><option value=\"Rudern in Lettland &#8211; Der Fluss Lielupe\">Rudern in Lettland &#8211; Der Fluss Lielupe<\/option><option value=\"Rudern in Norwegen &#8211; Oslofjord und Telemarkkanal\">Rudern in Norwegen &#8211; Oslofjord und Telemarkkanal<\/option><option value=\"Rudern in Polen : Romantische Rudertour auf der Warthe\">Rudern in Polen : Romantische Rudertour auf der Warthe<\/option><option value=\"Rudern in Portugal: Ruderurlaub in Portugal\">Rudern in Portugal: Ruderurlaub in Portugal<\/option><option value=\"Rudern in Spanien &#8211; Barcelona\">Rudern in Spanien &#8211; Barcelona<\/option><option value=\"Rudern in Spanien \/ Galicia\">Rudern in Spanien \/ Galicia<\/option><option value=\"Rudern Schweiz\">Rudern Schweiz<\/option><option value=\"Themse\">Themse<\/option><option value=\"Touren in England\">Touren in England<\/option><option value=\"Touren in Frankreich\">Touren in Frankreich<\/option><option value=\"Touren in Portugal\">Touren in Portugal<\/option><option value=\"Vogalonga\">Vogalonga<\/option><\/select> <\/label>\n<\/p>\n<p><label> Datum f\u00fcr die Tour*<br \/>\n<span class=\"wpcf7-form-control-wrap\" data-name=\"tourdate\"><input class=\"wpcf7-form-control wpcf7-date wpcf7-validates-as-required wpcf7-validates-as-date\" aria-required=\"true\" aria-invalid=\"false\" value=\"\" type=\"date\" name=\"tourdate\" \/><\/span> <\/label>\n<\/p>\n<p><label> Name*<br \/>\n<span class=\"wpcf7-form-control-wrap\" data-name=\"your-name\"><input size=\"40\" maxlength=\"400\" class=\"wpcf7-form-control wpcf7-text wpcf7-validates-as-required\" aria-required=\"true\" aria-invalid=\"false\" value=\"\" type=\"text\" name=\"your-name\" \/><\/span> <\/label>\n<\/p>\n<p><label> Adresse*<br \/>\n<span class=\"wpcf7-form-control-wrap\" data-name=\"Address\"><input size=\"40\" maxlength=\"400\" class=\"wpcf7-form-control wpcf7-text wpcf7-validates-as-required\" aria-required=\"true\" aria-invalid=\"false\" value=\"\" type=\"text\" name=\"Address\" \/><\/span> <\/label>\n<\/p>\n<p><label> Telefonnummer*<br \/>\n<span class=\"wpcf7-form-control-wrap\" data-name=\"phone\"><input size=\"40\" maxlength=\"400\" class=\"wpcf7-form-control wpcf7-tel wpcf7-validates-as-required wpcf7-text wpcf7-validates-as-tel\" aria-required=\"true\" aria-invalid=\"false\" value=\"\" type=\"tel\" name=\"phone\" \/><\/span> <\/label>\n<\/p>\n<p><label> Mail-Adresse*<br \/>\n<span class=\"wpcf7-form-control-wrap\" data-name=\"your-email\"><input size=\"40\" maxlength=\"400\" class=\"wpcf7-form-control wpcf7-email wpcf7-validates-as-required wpcf7-text wpcf7-validates-as-email\" aria-required=\"true\" aria-invalid=\"false\" value=\"\" type=\"email\" name=\"your-email\" \/><\/span> <\/label>\n<\/p>\n<p><label> Geburtstag*<br \/>\n<span class=\"wpcf7-form-control-wrap\" data-name=\"birthday\"><input class=\"wpcf7-form-control wpcf7-date wpcf7-validates-as-required wpcf7-validates-as-date\" aria-required=\"true\" aria-invalid=\"false\" value=\"\" type=\"date\" name=\"birthday\" \/><\/span> <\/label>\n<\/p>\n<p><label> Ich rudere seit...(Jahren, 0 f\u00fcr keine Erfahrung)*<br \/>\n<span class=\"wpcf7-form-control-wrap\" data-name=\"rowexperience\"><input class=\"wpcf7-form-control wpcf7-number wpcf7-validates-as-required wpcf7-validates-as-number\" aria-required=\"true\" aria-invalid=\"false\" value=\"\" type=\"number\" name=\"rowexperience\" \/><\/span> <\/label>\n<\/p>\n<p><label> Ich rudere ca. ... km pro Jahr*<br \/>\n<span class=\"wpcf7-form-control-wrap\" data-name=\"rowingdistanceperyear\"><input class=\"wpcf7-form-control wpcf7-number wpcf7-validates-as-required wpcf7-validates-as-number\" aria-required=\"true\" aria-invalid=\"false\" value=\"\" type=\"number\" name=\"rowingdistanceperyear\" \/><\/span> <\/label>\n<\/p>\n<p><label> Ruder Club*<br \/>\n<span class=\"wpcf7-form-control-wrap\" data-name=\"RowingClub\"><input size=\"40\" maxlength=\"400\" class=\"wpcf7-form-control wpcf7-text\" aria-invalid=\"false\" value=\"\" type=\"text\" name=\"RowingClub\" \/><\/span> <\/label>\n<\/p>\n<p><label> Land<br \/>\n<span class=\"wpcf7-form-control-wrap\" data-name=\"Country\"><input size=\"40\" maxlength=\"400\" class=\"wpcf7-form-control wpcf7-text\" aria-invalid=\"false\" value=\"\" type=\"text\" name=\"Country\" \/><\/span> <\/label>\n<\/p>\n<p><label> Ich bin in guter Gesundheit Ich best\u00e4tige und verstehe, dass ich f\u00fcr die von mir verursachten Sch\u00e4den haftbar bin.<br \/>\nIch verstehe, dass ich den Veranstalter nicht f\u00fcr Unf\u00e4lle oder Sch\u00e4den verantwortlich mache. <span class=\"wpcf7-form-control-wrap\" data-name=\"acceptance-71\"><span class=\"wpcf7-form-control wpcf7-acceptance\"><span class=\"wpcf7-list-item\"><input type=\"checkbox\" name=\"acceptance-71\" value=\"1\" aria-invalid=\"false\" \/><\/span><\/span><\/span> <\/label>\n<\/p>\n<p><label> Ihre Nachricht (optional)<br \/>\n<span class=\"wpcf7-form-control-wrap\" data-name=\"your-message\"><textarea cols=\"40\" rows=\"10\" maxlength=\"2000\" class=\"wpcf7-form-control wpcf7-textarea\" aria-invalid=\"false\" name=\"your-message\"><\/textarea><\/span> <\/label><br \/>\n[\/group]\n<\/p>\n<p>[group group-camp]\n<\/p>\n<p><label> Name*<br \/>\n<span class=\"wpcf7-form-control-wrap\" data-name=\"your-name\"><input size=\"40\" maxlength=\"400\" class=\"wpcf7-form-control wpcf7-text wpcf7-validates-as-required\" aria-required=\"true\" aria-invalid=\"false\" value=\"\" type=\"text\" name=\"your-name\" \/><\/span> <\/label>\n<\/p>\n<p><label> Location\/Event*<br \/>\n<span class=\"wpcf7-form-control-wrap\" data-name=\"location\"><input size=\"40\" maxlength=\"400\" class=\"wpcf7-form-control wpcf7-text wpcf7-validates-as-required\" aria-required=\"true\" aria-invalid=\"false\" value=\"\" type=\"text\" name=\"location\" \/><\/span> <\/label>\n<\/p>\n<p><label> Datum f\u00fcr das Camp*<br \/>\n<span class=\"wpcf7-form-control-wrap\" data-name=\"campdate\"><input class=\"wpcf7-form-control wpcf7-date wpcf7-validates-as-required wpcf7-validates-as-date\" aria-required=\"true\" aria-invalid=\"false\" value=\"\" type=\"date\" name=\"campdate\" \/><\/span> <\/label>\n<\/p>\n<p><label> E-Mail*<br \/>\n<span class=\"wpcf7-form-control-wrap\" data-name=\"your-email\"><input size=\"40\" maxlength=\"400\" class=\"wpcf7-form-control wpcf7-email wpcf7-validates-as-required wpcf7-text wpcf7-validates-as-email\" aria-required=\"true\" aria-invalid=\"false\" value=\"\" type=\"email\" name=\"your-email\" \/><\/span> <\/label>\n<\/p>\n<p><label> Ihre Nachricht (optional)<br \/>\n<span class=\"wpcf7-form-control-wrap\" data-name=\"your-message\"><textarea cols=\"40\" rows=\"10\" maxlength=\"2000\" class=\"wpcf7-form-control wpcf7-textarea\" aria-invalid=\"false\" name=\"your-message\"><\/textarea><\/span> <\/label>\n<\/p>\n<p>[\/group]\n<\/p>\n<p>[group group-questionsuggestions]\n<\/p>\n<p><label> Name*<br \/>\n<span class=\"wpcf7-form-control-wrap\" data-name=\"your-name\"><input size=\"40\" maxlength=\"400\" class=\"wpcf7-form-control wpcf7-text wpcf7-validates-as-required\" aria-required=\"true\" aria-invalid=\"false\" value=\"\" type=\"text\" name=\"your-name\" \/><\/span> <\/label>\n<\/p>\n<p><label> E-Mail*<br \/>\n<span class=\"wpcf7-form-control-wrap\" data-name=\"your-email\"><input size=\"40\" maxlength=\"400\" class=\"wpcf7-form-control wpcf7-email wpcf7-validates-as-required wpcf7-text wpcf7-validates-as-email\" aria-required=\"true\" aria-invalid=\"false\" value=\"\" type=\"email\" name=\"your-email\" \/><\/span> <\/label>\n<\/p>\n<p><label> Ihre Nachricht<br \/>\n<span class=\"wpcf7-form-control-wrap\" data-name=\"your-message\"><textarea cols=\"40\" rows=\"10\" maxlength=\"2000\" class=\"wpcf7-form-control wpcf7-textarea\" aria-invalid=\"false\" name=\"your-message\"><\/textarea><\/span> <\/label><br \/>\n[\/group]\n<\/p>\n<p><input class=\"wpcf7-form-control wpcf7-submit has-spinner\" type=\"submit\" value=\"Send\" \/>\n<\/p><p style=\"display: none !important;\" class=\"akismet-fields-container\" data-prefix=\"_wpcf7_ak_\"><label>&#916;<textarea name=\"_wpcf7_ak_hp_textarea\" cols=\"45\" rows=\"8\" maxlength=\"100\"><\/textarea><\/label><input type=\"hidden\" id=\"ak_js_1\" name=\"_wpcf7_ak_js\" value=\"227\"\/><script>document.getElementById( \"ak_js_1\" ).setAttribute( \"value\", ( new Date() ).getTime() );<\/script><\/p><div class=\"wpcf7-response-output\" aria-hidden=\"true\"><\/div>\n<\/form>\n<\/div>\n<\/div>\n\t\t\t\t\t\t<\/div>\n\t\t\t\t<\/div>\n\t\t\t\t\t<\/div>\n\t\t<\/div>\n\t\t\t\t\t<\/div>\n\t\t<\/section>\n\t\t\t\t<\/div>\n\t\t<div id=\"rowin-3271798304\" class=\"rowin-nach-dem-inhalt\" style=\"margin-left: auto;margin-right: auto;text-align: center;\"><div class=\"rowin-adlabel\">Werbung<\/div><script async src=\"\/\/pagead2.googlesyndication.com\/pagead\/js\/adsbygoogle.js?client=ca-pub-2249272050944581\" crossorigin=\"anonymous\"><\/script><ins class=\"adsbygoogle\" style=\"display:block;\" data-ad-client=\"ca-pub-2249272050944581\" \ndata-ad-slot=\"3851531088\" \ndata-ad-format=\"auto\"><\/ins>\n<script> \n(adsbygoogle = window.adsbygoogle || []).push({}); \n<\/script>\n<\/div>","protected":false},"excerpt":{"rendered":"<p>Buchung\/Kontakt<\/p>\n","protected":false},"author":1,"featured_media":62,"parent":0,"menu_order":0,"comment_status":"closed","ping_status":"closed","template":"","meta":{"ocean_post_layout":"","ocean_both_sidebars_style":"","ocean_both_sidebars_content_width":0,"ocean_both_sidebars_sidebars_width":0,"ocean_sidebar":"","ocean_second_sidebar":"","ocean_disable_margins":"enable","ocean_add_body_class":"","ocean_shortcode_before_top_bar":"","ocean_shortcode_after_top_bar":"","ocean_shortcode_before_header":"","ocean_shortcode_after_header":"","ocean_has_shortcode":"","ocean_shortcode_after_title":"","ocean_shortcode_before_footer_widgets":"","ocean_shortcode_after_footer_widgets":"","ocean_shortcode_before_footer_bottom":"","ocean_shortcode_after_footer_bottom":"","ocean_display_top_bar":"default","ocean_display_header":"default","ocean_header_style":"","ocean_center_header_left_menu":"","ocean_custom_header_template":"","ocean_custom_logo":0,"ocean_custom_retina_logo":0,"ocean_custom_logo_max_width":0,"ocean_custom_logo_tablet_max_width":0,"ocean_custom_logo_mobile_max_width":0,"ocean_custom_logo_max_height":0,"ocean_custom_logo_tablet_max_height":0,"ocean_custom_logo_mobile_max_height":0,"ocean_header_custom_menu":"","ocean_menu_typo_font_family":"","ocean_menu_typo_font_subset":"","ocean_menu_typo_font_size":0,"ocean_menu_typo_font_size_tablet":0,"ocean_menu_typo_font_size_mobile":0,"ocean_menu_typo_font_size_unit":"px","ocean_menu_typo_font_weight":"","ocean_menu_typo_font_weight_tablet":"","ocean_menu_typo_font_weight_mobile":"","ocean_menu_typo_transform":"","ocean_menu_typo_transform_tablet":"","ocean_menu_typo_transform_mobile":"","ocean_menu_typo_line_height":0,"ocean_menu_typo_line_height_tablet":0,"ocean_menu_typo_line_height_mobile":0,"ocean_menu_typo_line_height_unit":"","ocean_menu_typo_spacing":0,"ocean_menu_typo_spacing_tablet":0,"ocean_menu_typo_spacing_mobile":0,"ocean_menu_typo_spacing_unit":"","ocean_menu_link_color":"","ocean_menu_link_color_hover":"","ocean_menu_link_color_active":"","ocean_menu_link_background":"","ocean_menu_link_hover_background":"","ocean_menu_link_active_background":"","ocean_menu_social_links_bg":"","ocean_menu_social_hover_links_bg":"","ocean_menu_social_links_color":"","ocean_menu_social_hover_links_color":"","ocean_disable_title":"default","ocean_disable_heading":"default","ocean_post_title":"","ocean_post_subheading":"","ocean_post_title_style":"","ocean_post_title_background_color":"","ocean_post_title_background":0,"ocean_post_title_bg_image_position":"","ocean_post_title_bg_image_attachment":"","ocean_post_title_bg_image_repeat":"","ocean_post_title_bg_image_size":"","ocean_post_title_height":0,"ocean_post_title_bg_overlay":0.5,"ocean_post_title_bg_overlay_color":"","ocean_disable_breadcrumbs":"default","ocean_breadcrumbs_color":"","ocean_breadcrumbs_separator_color":"","ocean_breadcrumbs_links_color":"","ocean_breadcrumbs_links_hover_color":"","ocean_display_footer_widgets":"default","ocean_display_footer_bottom":"default","ocean_custom_footer_template":"","_joinchat":[],"footnotes":""},"class_list":["post-5932","page","type-page","status-publish","has-post-thumbnail","hentry","entry","has-media"],"yoast_head":"<!-- This site is optimized with the Yoast SEO plugin v27.2 - https:\/\/yoast.com\/product\/yoast-seo-wordpress\/ -->\n<title>Registrierung - Rowing in Europe<\/title>\n<meta name=\"robots\" content=\"index, follow, max-snippet:-1, max-image-preview:large, max-video-preview:-1\" \/>\n<link rel=\"canonical\" href=\"https:\/\/rowing-in-europe.com\/de\/registrierung\/\" \/>\n<meta property=\"og:locale\" content=\"de_DE\" \/>\n<meta property=\"og:type\" content=\"article\" \/>\n<meta property=\"og:title\" content=\"Registrierung - Rowing in Europe\" \/>\n<meta property=\"og:description\" content=\"Buchung\/Kontakt\" \/>\n<meta property=\"og:url\" content=\"https:\/\/rowing-in-europe.com\/de\/registrierung\/\" \/>\n<meta property=\"og:site_name\" content=\"Rowing in Europe\" \/>\n<meta property=\"article:publisher\" content=\"https:\/\/www.facebook.com\/RowingInEurope\/\" \/>\n<meta property=\"article:modified_time\" content=\"2022-08-25T21:56:27+00:00\" \/>\n<meta property=\"og:image\" content=\"https:\/\/rowing-in-europe.com\/wp-content\/uploads\/2018\/01\/6-e1517824085826.jpg\" \/>\n\t<meta property=\"og:image:width\" content=\"1596\" \/>\n\t<meta property=\"og:image:height\" content=\"788\" \/>\n\t<meta property=\"og:image:type\" content=\"image\/jpeg\" \/>\n<meta name=\"twitter:card\" content=\"summary_large_image\" \/>\n<script type=\"application\/ld+json\" class=\"yoast-schema-graph\">{\"@context\":\"https:\/\/schema.org\",\"@graph\":[{\"@type\":\"WebPage\",\"@id\":\"https:\/\/rowing-in-europe.com\/de\/registrierung\/\",\"url\":\"https:\/\/rowing-in-europe.com\/de\/registrierung\/\",\"name\":\"Registrierung - Rowing in Europe\",\"isPartOf\":{\"@id\":\"https:\/\/rowing-in-europe.com\/de\/#website\"},\"primaryImageOfPage\":{\"@id\":\"https:\/\/rowing-in-europe.com\/de\/registrierung\/#primaryimage\"},\"image\":{\"@id\":\"https:\/\/rowing-in-europe.com\/de\/registrierung\/#primaryimage\"},\"thumbnailUrl\":\"https:\/\/rowing-in-europe.com\/wp-content\/uploads\/2018\/01\/6-e1517824085826.jpg\",\"datePublished\":\"2018-04-05T05:27:03+00:00\",\"dateModified\":\"2022-08-25T21:56:27+00:00\",\"breadcrumb\":{\"@id\":\"https:\/\/rowing-in-europe.com\/de\/registrierung\/#breadcrumb\"},\"inLanguage\":\"de\",\"potentialAction\":[{\"@type\":\"ReadAction\",\"target\":[\"https:\/\/rowing-in-europe.com\/de\/registrierung\/\"]}]},{\"@type\":\"ImageObject\",\"inLanguage\":\"de\",\"@id\":\"https:\/\/rowing-in-europe.com\/de\/registrierung\/#primaryimage\",\"url\":\"https:\/\/rowing-in-europe.com\/wp-content\/uploads\/2018\/01\/6-e1517824085826.jpg\",\"contentUrl\":\"https:\/\/rowing-in-europe.com\/wp-content\/uploads\/2018\/01\/6-e1517824085826.jpg\",\"width\":1596,\"height\":788},{\"@type\":\"BreadcrumbList\",\"@id\":\"https:\/\/rowing-in-europe.com\/de\/registrierung\/#breadcrumb\",\"itemListElement\":[{\"@type\":\"ListItem\",\"position\":1,\"name\":\"Start\",\"item\":\"https:\/\/rowing-in-europe.com\/de\/\"},{\"@type\":\"ListItem\",\"position\":2,\"name\":\"Registrierung\"}]},{\"@type\":\"WebSite\",\"@id\":\"https:\/\/rowing-in-europe.com\/de\/#website\",\"url\":\"https:\/\/rowing-in-europe.com\/de\/\",\"name\":\"Rowing in Europe\",\"description\":\"Rowing in Europe - Tours and More\",\"publisher\":{\"@id\":\"https:\/\/rowing-in-europe.com\/de\/#organization\"},\"potentialAction\":[{\"@type\":\"SearchAction\",\"target\":{\"@type\":\"EntryPoint\",\"urlTemplate\":\"https:\/\/rowing-in-europe.com\/de\/?s={search_term_string}\"},\"query-input\":{\"@type\":\"PropertyValueSpecification\",\"valueRequired\":true,\"valueName\":\"search_term_string\"}}],\"inLanguage\":\"de\"},{\"@type\":\"Organization\",\"@id\":\"https:\/\/rowing-in-europe.com\/de\/#organization\",\"name\":\"Rowing in Europe\",\"url\":\"https:\/\/rowing-in-europe.com\/de\/\",\"logo\":{\"@type\":\"ImageObject\",\"inLanguage\":\"de\",\"@id\":\"https:\/\/rowing-in-europe.com\/de\/#\/schema\/logo\/image\/\",\"url\":\"https:\/\/rowing-in-europe.com\/wp-content\/uploads\/2018\/09\/cropped-cropped-Logo_4c_RoInEu-e1660289546971.png\",\"contentUrl\":\"https:\/\/rowing-in-europe.com\/wp-content\/uploads\/2018\/09\/cropped-cropped-Logo_4c_RoInEu-e1660289546971.png\",\"width\":164,\"height\":57,\"caption\":\"Rowing in Europe\"},\"image\":{\"@id\":\"https:\/\/rowing-in-europe.com\/de\/#\/schema\/logo\/image\/\"},\"sameAs\":[\"https:\/\/www.facebook.com\/RowingInEurope\/\"]}]}<\/script>\n<!-- \/ Yoast SEO plugin. -->","yoast_head_json":{"title":"Registrierung - Rowing in Europe","robots":{"index":"index","follow":"follow","max-snippet":"max-snippet:-1","max-image-preview":"max-image-preview:large","max-video-preview":"max-video-preview:-1"},"canonical":"https:\/\/rowing-in-europe.com\/de\/registrierung\/","og_locale":"de_DE","og_type":"article","og_title":"Registrierung - Rowing in Europe","og_description":"Buchung\/Kontakt","og_url":"https:\/\/rowing-in-europe.com\/de\/registrierung\/","og_site_name":"Rowing in Europe","article_publisher":"https:\/\/www.facebook.com\/RowingInEurope\/","article_modified_time":"2022-08-25T21:56:27+00:00","og_image":[{"width":1596,"height":788,"url":"https:\/\/rowing-in-europe.com\/wp-content\/uploads\/2018\/01\/6-e1517824085826.jpg","type":"image\/jpeg"}],"twitter_card":"summary_large_image","schema":{"@context":"https:\/\/schema.org","@graph":[{"@type":"WebPage","@id":"https:\/\/rowing-in-europe.com\/de\/registrierung\/","url":"https:\/\/rowing-in-europe.com\/de\/registrierung\/","name":"Registrierung - Rowing in Europe","isPartOf":{"@id":"https:\/\/rowing-in-europe.com\/de\/#website"},"primaryImageOfPage":{"@id":"https:\/\/rowing-in-europe.com\/de\/registrierung\/#primaryimage"},"image":{"@id":"https:\/\/rowing-in-europe.com\/de\/registrierung\/#primaryimage"},"thumbnailUrl":"https:\/\/rowing-in-europe.com\/wp-content\/uploads\/2018\/01\/6-e1517824085826.jpg","datePublished":"2018-04-05T05:27:03+00:00","dateModified":"2022-08-25T21:56:27+00:00","breadcrumb":{"@id":"https:\/\/rowing-in-europe.com\/de\/registrierung\/#breadcrumb"},"inLanguage":"de","potentialAction":[{"@type":"ReadAction","target":["https:\/\/rowing-in-europe.com\/de\/registrierung\/"]}]},{"@type":"ImageObject","inLanguage":"de","@id":"https:\/\/rowing-in-europe.com\/de\/registrierung\/#primaryimage","url":"https:\/\/rowing-in-europe.com\/wp-content\/uploads\/2018\/01\/6-e1517824085826.jpg","contentUrl":"https:\/\/rowing-in-europe.com\/wp-content\/uploads\/2018\/01\/6-e1517824085826.jpg","width":1596,"height":788},{"@type":"BreadcrumbList","@id":"https:\/\/rowing-in-europe.com\/de\/registrierung\/#breadcrumb","itemListElement":[{"@type":"ListItem","position":1,"name":"Start","item":"https:\/\/rowing-in-europe.com\/de\/"},{"@type":"ListItem","position":2,"name":"Registrierung"}]},{"@type":"WebSite","@id":"https:\/\/rowing-in-europe.com\/de\/#website","url":"https:\/\/rowing-in-europe.com\/de\/","name":"Rowing in Europe","description":"Rowing in Europe - Tours and More","publisher":{"@id":"https:\/\/rowing-in-europe.com\/de\/#organization"},"potentialAction":[{"@type":"SearchAction","target":{"@type":"EntryPoint","urlTemplate":"https:\/\/rowing-in-europe.com\/de\/?s={search_term_string}"},"query-input":{"@type":"PropertyValueSpecification","valueRequired":true,"valueName":"search_term_string"}}],"inLanguage":"de"},{"@type":"Organization","@id":"https:\/\/rowing-in-europe.com\/de\/#organization","name":"Rowing in Europe","url":"https:\/\/rowing-in-europe.com\/de\/","logo":{"@type":"ImageObject","inLanguage":"de","@id":"https:\/\/rowing-in-europe.com\/de\/#\/schema\/logo\/image\/","url":"https:\/\/rowing-in-europe.com\/wp-content\/uploads\/2018\/09\/cropped-cropped-Logo_4c_RoInEu-e1660289546971.png","contentUrl":"https:\/\/rowing-in-europe.com\/wp-content\/uploads\/2018\/09\/cropped-cropped-Logo_4c_RoInEu-e1660289546971.png","width":164,"height":57,"caption":"Rowing in Europe"},"image":{"@id":"https:\/\/rowing-in-europe.com\/de\/#\/schema\/logo\/image\/"},"sameAs":["https:\/\/www.facebook.com\/RowingInEurope\/"]}]}},"_links":{"self":[{"href":"https:\/\/rowing-in-europe.com\/de\/wp-json\/wp\/v2\/pages\/5932","targetHints":{"allow":["GET"]}}],"collection":[{"href":"https:\/\/rowing-in-europe.com\/de\/wp-json\/wp\/v2\/pages"}],"about":[{"href":"https:\/\/rowing-in-europe.com\/de\/wp-json\/wp\/v2\/types\/page"}],"author":[{"embeddable":true,"href":"https:\/\/rowing-in-europe.com\/de\/wp-json\/wp\/v2\/users\/1"}],"replies":[{"embeddable":true,"href":"https:\/\/rowing-in-europe.com\/de\/wp-json\/wp\/v2\/comments?post=5932"}],"version-history":[{"count":0,"href":"https:\/\/rowing-in-europe.com\/de\/wp-json\/wp\/v2\/pages\/5932\/revisions"}],"wp:featuredmedia":[{"embeddable":true,"href":"https:\/\/rowing-in-europe.com\/de\/wp-json\/wp\/v2\/media\/62"}],"wp:attachment":[{"href":"https:\/\/rowing-in-europe.com\/de\/wp-json\/wp\/v2\/media?parent=5932"}],"curies":[{"name":"wp","href":"https:\/\/api.w.org\/{rel}","templated":true}]}}