{"id":5941,"date":"2018-04-05T07:16:52","date_gmt":"2018-04-05T05:16:52","guid":{"rendered":"https:\/\/staging.rowing-in-europe.com\/test\/touren\/tourenplan\/"},"modified":"2022-09-08T18:21:47","modified_gmt":"2022-09-08T16:21:47","slug":"tourenplan","status":"publish","type":"page","link":"https:\/\/rowing-in-europe.com\/de\/touren\/tourenplan\/","title":{"rendered":"Tourenplan"},"content":{"rendered":"\t\t<div data-elementor-type=\"wp-page\" data-elementor-id=\"5941\" class=\"elementor elementor-5941 elementor-1110\" data-elementor-post-type=\"page\">\n\t\t\t\t\t\t<section class=\"elementor-section elementor-top-section elementor-element elementor-element-364f9bcd elementor-section-boxed elementor-section-height-default elementor-section-height-default\" data-id=\"364f9bcd\" data-element_type=\"section\" data-e-type=\"section\">\n\t\t\t\t\t\t<div class=\"elementor-container elementor-column-gap-default\">\n\t\t\t\t\t<div class=\"elementor-column elementor-col-100 elementor-top-column elementor-element elementor-element-45d25c9\" data-id=\"45d25c9\" data-element_type=\"column\" data-e-type=\"column\">\n\t\t\t<div class=\"elementor-widget-wrap elementor-element-populated\">\n\t\t\t\t\t\t<div class=\"elementor-element elementor-element-1dc1741 elementor-widget elementor-widget-heading\" data-id=\"1dc1741\" data-element_type=\"widget\" data-e-type=\"widget\" data-widget_type=\"heading.default\">\n\t\t\t\t<div class=\"elementor-widget-container\">\n\t\t\t\t\t<h2 class=\"elementor-heading-title elementor-size-default\">Rudertouren im Jahr 2022 sind bald verf\u00fcgbar<\/h2>\t\t\t\t<\/div>\n\t\t\t\t<\/div>\n\t\t\t\t<div class=\"elementor-element elementor-element-c15f184 elementor-icon-list--layout-traditional elementor-list-item-link-full_width elementor-widget elementor-widget-icon-list\" data-id=\"c15f184\" data-element_type=\"widget\" data-e-type=\"widget\" data-widget_type=\"icon-list.default\">\n\t\t\t\t<div class=\"elementor-widget-container\">\n\t\t\t\t\t\t\t<ul class=\"elementor-icon-list-items\">\n\t\t\t\t\t\t\t<li class=\"elementor-icon-list-item\">\n\t\t\t\t\t\t\t\t\t\t\t<span class=\"elementor-icon-list-icon\">\n\t\t\t\t\t\t\t<i aria-hidden=\"true\" class=\"fas fa-exclamation-triangle\"><\/i>\t\t\t\t\t\t<\/span>\n\t\t\t\t\t\t\t\t\t\t<span class=\"elementor-icon-list-text\">Bitte beachten:<\/span>\n\t\t\t\t\t\t\t\t\t<\/li>\n\t\t\t\t\t\t<\/ul>\n\t\t\t\t\t\t<\/div>\n\t\t\t\t<\/div>\n\t\t\t\t<div class=\"elementor-element elementor-element-575eb864 elementor-widget elementor-widget-text-editor\" data-id=\"575eb864\" data-element_type=\"widget\" data-e-type=\"widget\" data-widget_type=\"text-editor.default\">\n\t\t\t\t<div class=\"elementor-widget-container\">\n\t\t\t\t\t\t\t\t\t<p>Aus unerwarteten Gr\u00fcnden wie Wasser- und Wetterbedingungen sowie der Verf\u00fcgbarkeit von Booten und F\u00fchrern k\u00f6nnen einige Tourdaten von diesem vorl\u00e4ufigen Zeitplan abweichen.<br>Fragen Sie uns vor der Buchung. Die Preise verstehen sich pro Person und einer Teilnehmerzahl von 10 Personen. <\/p>\t\t\t\t\t\t\t\t<\/div>\n\t\t\t\t<\/div>\n\t\t\t\t<div class=\"elementor-element elementor-element-6eb51f3 elementor-widget elementor-widget-shortcode\" data-id=\"6eb51f3\" data-element_type=\"widget\" data-e-type=\"widget\" data-widget_type=\"shortcode.default\">\n\t\t\t\t<div class=\"elementor-widget-container\">\n\t\t\t\t\t\t\t<div class=\"elementor-shortcode\"><h2 id=\"tablepress-3-name\" class=\"tablepress-table-name tablepress-table-name-id-3\">Rowing in Europe Tour Dates 2024<\/h2>\n\n<table id=\"tablepress-3\" class=\"tablepress tablepress-id-3\" aria-labelledby=\"tablepress-3-name\">\n<thead>\n<tr class=\"row-1\">\n\t<th class=\"column-1\"><img decoding=\"async\" data-src=\"https:\/\/rowing-in-europe.com\/wp-content\/uploads\/2018\/08\/Logo_4c_RoInEu_favicon.png\" alt=\"\" width=\"64\" height=\"64\" class=\"alignnone size-full wp-image-2800 lazyload\" src=\"data:image\/svg+xml;base64,PHN2ZyB3aWR0aD0iMSIgaGVpZ2h0PSIxIiB4bWxucz0iaHR0cDovL3d3dy53My5vcmcvMjAwMC9zdmciPjwvc3ZnPg==\" style=\"--smush-placeholder-width: 64px; --smush-placeholder-aspect-ratio: 64\/64;\" \/><\/th><th class=\"column-2\">Month<\/th><th class=\"column-3\">Location<\/th><th class=\"column-4\">Boat\/Type<\/th><th class=\"column-5\">Price per Person<\/th><th class=\"column-6\">Comments<\/th>\n<\/tr>\n<\/thead>\n<tbody class=\"row-striping row-hover\">\n<tr class=\"row-2\">\n\t<td class=\"column-1\"><\/td><td class=\"column-2\">May 9-2024<\/td><td class=\"column-3\">North Frisian Island Tour<\/td><td class=\"column-4\">Coastal<\/td><td class=\"column-5\">800-1000 Euro<\/td><td class=\"column-6\">3 day adventure in Amrum, Sylt or F\u00f6hr<\/td>\n<\/tr>\n<tr class=\"row-3\">\n\t<td class=\"column-1\"><\/td><td class=\"column-2\">May 2024<\/td><td class=\"column-3\">Rowing in Portugal<\/td><td class=\"column-4\">Coastal \/ Gig\/Touring<\/td><td class=\"column-5\">1500-1700 Euro<\/td><td class=\"column-6\">The 1 wk Douro River tour<\/td>\n<\/tr>\n<tr class=\"row-4\">\n\t<td class=\"column-1\"><\/td><td class=\"column-2\">May 2024<\/td><td class=\"column-3\">Rowing in Berlin<\/td><td class=\"column-4\">Gig\/Touring<\/td><td class=\"column-5\">1350-1600 Euro<\/td><td class=\"column-6\">Rowing in and around Berlin<\/td>\n<\/tr>\n<tr class=\"row-5\">\n\t<td class=\"column-1\"><\/td><td class=\"column-2\">May 19-2024<\/td><td class=\"column-3\">Rowing in Italy  -  Vogalonga<\/td><td class=\"column-4\">Coastal \/ Gig\/Touring<\/td><td class=\"column-5\">boat \/seat rental<\/td><td class=\"column-6\">The classic, boat rental for the Vogalonga<\/td>\n<\/tr>\n<tr class=\"row-6\">\n\t<td class=\"column-1\"><\/td><td class=\"column-2\"><\/td><td class=\"column-3\"><\/td><td class=\"column-4\"><\/td><td class=\"column-5\"><\/td><td class=\"column-6\"><\/td>\n<\/tr>\n<tr class=\"row-7\">\n\t<td class=\"column-1\"><\/td><td class=\"column-2\">June, end<\/td><td class=\"column-3\">Rowing in Amsterdam<\/td><td class=\"column-4\">Gig\/Touring<\/td><td class=\"column-5\">800-1100 Euro<\/td><td class=\"column-6\">Wonderful but ambitious<\/td>\n<\/tr>\n<tr class=\"row-8\">\n\t<td class=\"column-1\"><\/td><td class=\"column-2\">July 2024<\/td><td class=\"column-3\"> Vlatava and Elbe River<\/td><td class=\"column-4\">Gig\/Touring<\/td><td class=\"column-5\">1700 Euro<\/td><td class=\"column-6\">The classic, from Praha to Dresden<\/td>\n<\/tr>\n<tr class=\"row-9\">\n\t<td class=\"column-1\"><\/td><td class=\"column-2\">Jul 2024<\/td><td class=\"column-3\">3-Island Tour North Sea<\/td><td class=\"column-4\">Coastal<\/td><td class=\"column-5\">600 Euro<br \/>\n<\/td><td class=\"column-6\">Wonderful but ambitious<\/td>\n<\/tr>\n<tr class=\"row-10\">\n\t<td class=\"column-1\"><\/td><td class=\"column-2\">Aug 2024<\/td><td class=\"column-3\">Rowing in Belgium<\/td><td class=\"column-4\">Gig\/Touring<\/td><td class=\"column-5\">1100-1300 Euro<\/td><td class=\"column-6\"><\/td>\n<\/tr>\n<tr class=\"row-11\">\n\t<td class=\"column-1\"><\/td><td class=\"column-2\">Sep 2024<\/td><td class=\"column-3\">Mosell River tour<\/td><td class=\"column-4\">Coastal<\/td><td class=\"column-5\">1600-1800 Euro<br \/>\n<\/td><td class=\"column-6\">Rowing on the most romantic river in Germany<\/td>\n<\/tr>\n<tr class=\"row-12\">\n\t<td class=\"column-1\"><\/td><td class=\"column-2\">Sept 2024<\/td><td class=\"column-3\">Tour de Suisse<\/td><td class=\"column-4\">Gig\/Touring<\/td><td class=\"column-5\">2200-2400 Euro<br \/>\n<\/td><td class=\"column-6\">Discover the most beautiful lakes in Switzerland<\/td>\n<\/tr>\n<tr class=\"row-13\">\n\t<td class=\"column-1\"><\/td><td class=\"column-2\">Sept 2024<\/td><td class=\"column-3\">Rowing in Croatia<\/td><td class=\"column-4\">Coastal<\/td><td class=\"column-5\">1500-1600 Euro<\/td><td class=\"column-6\">Partner Tour in Croatia<\/td>\n<\/tr>\n<tr class=\"row-14\">\n\t<td class=\"column-1\"><\/td><td class=\"column-2\">Oct. 2024<\/td><td class=\"column-3\">Rowing in Berlin, Germany<\/td><td class=\"column-4\">Gig\/Touring<\/td><td class=\"column-5\">1200-1350 Euro<\/td><td class=\"column-6\">Our bestseller. From East to West<\/td>\n<\/tr>\n<\/tbody>\n<\/table>\n<\/div>\n\t\t\t\t\t\t<\/div>\n\t\t\t\t<\/div>\n\t\t\t\t\t<\/div>\n\t\t<\/div>\n\t\t\t\t\t<\/div>\n\t\t<\/section>\n\t\t\t\t<\/div>\n\t\t<div id=\"rowin-1293516591\" class=\"rowin-nach-dem-inhalt rowin-entity-placement\" style=\"margin-left: auto;margin-right: auto;text-align: center;\"><div class=\"rowin-adlabel\">Werbung<\/div><script async src=\"\/\/pagead2.googlesyndication.com\/pagead\/js\/adsbygoogle.js?client=ca-pub-2249272050944581\" crossorigin=\"anonymous\"><\/script><ins class=\"adsbygoogle\" style=\"display:block;\" data-ad-client=\"ca-pub-2249272050944581\" \ndata-ad-slot=\"3851531088\" \ndata-ad-format=\"auto\"><\/ins>\n<script> \n(adsbygoogle = window.adsbygoogle || []).push({}); \n<\/script>\n<\/div>","protected":false},"excerpt":{"rendered":"<p>Rudertouren im Jahr 2022 sind bald verf\u00fcgbar Bitte beachten: Aus unerwarteten Gr\u00fcnden wie Wasser- und Wetterbedingungen sowie der Verf\u00fcgbarkeit von Booten und F\u00fchrern k\u00f6nnen einige Tourdaten von diesem vorl\u00e4ufigen Zeitplan abweichen.Fragen Sie uns vor der Buchung. Die Preise verstehen sich pro Person und einer Teilnehmerzahl von 10 Personen.<\/p>\n","protected":false},"author":1,"featured_media":62,"parent":5938,"menu_order":1,"comment_status":"closed","ping_status":"closed","template":"","meta":{"ocean_post_layout":"","ocean_both_sidebars_style":"","ocean_both_sidebars_content_width":0,"ocean_both_sidebars_sidebars_width":0,"ocean_sidebar":"","ocean_second_sidebar":"","ocean_disable_margins":"enable","ocean_add_body_class":"","ocean_shortcode_before_top_bar":"","ocean_shortcode_after_top_bar":"","ocean_shortcode_before_header":"","ocean_shortcode_after_header":"","ocean_has_shortcode":"","ocean_shortcode_after_title":"","ocean_shortcode_before_footer_widgets":"","ocean_shortcode_after_footer_widgets":"","ocean_shortcode_before_footer_bottom":"","ocean_shortcode_after_footer_bottom":"","ocean_display_top_bar":"default","ocean_display_header":"default","ocean_header_style":"","ocean_center_header_left_menu":"","ocean_custom_header_template":"","ocean_custom_logo":0,"ocean_custom_retina_logo":0,"ocean_custom_logo_max_width":0,"ocean_custom_logo_tablet_max_width":0,"ocean_custom_logo_mobile_max_width":0,"ocean_custom_logo_max_height":0,"ocean_custom_logo_tablet_max_height":0,"ocean_custom_logo_mobile_max_height":0,"ocean_header_custom_menu":"","ocean_menu_typo_font_family":"","ocean_menu_typo_font_subset":"","ocean_menu_typo_font_size":0,"ocean_menu_typo_font_size_tablet":0,"ocean_menu_typo_font_size_mobile":0,"ocean_menu_typo_font_size_unit":"px","ocean_menu_typo_font_weight":"","ocean_menu_typo_font_weight_tablet":"","ocean_menu_typo_font_weight_mobile":"","ocean_menu_typo_transform":"","ocean_menu_typo_transform_tablet":"","ocean_menu_typo_transform_mobile":"","ocean_menu_typo_line_height":0,"ocean_menu_typo_line_height_tablet":0,"ocean_menu_typo_line_height_mobile":0,"ocean_menu_typo_line_height_unit":"","ocean_menu_typo_spacing":0,"ocean_menu_typo_spacing_tablet":0,"ocean_menu_typo_spacing_mobile":0,"ocean_menu_typo_spacing_unit":"","ocean_menu_link_color":"","ocean_menu_link_color_hover":"","ocean_menu_link_color_active":"","ocean_menu_link_background":"","ocean_menu_link_hover_background":"","ocean_menu_link_active_background":"","ocean_menu_social_links_bg":"","ocean_menu_social_hover_links_bg":"","ocean_menu_social_links_color":"","ocean_menu_social_hover_links_color":"","ocean_disable_title":"default","ocean_disable_heading":"default","ocean_post_title":"","ocean_post_subheading":"","ocean_post_title_style":"","ocean_post_title_background_color":"","ocean_post_title_background":0,"ocean_post_title_bg_image_position":"","ocean_post_title_bg_image_attachment":"","ocean_post_title_bg_image_repeat":"","ocean_post_title_bg_image_size":"","ocean_post_title_height":0,"ocean_post_title_bg_overlay":0.5,"ocean_post_title_bg_overlay_color":"","ocean_disable_breadcrumbs":"default","ocean_breadcrumbs_color":"","ocean_breadcrumbs_separator_color":"","ocean_breadcrumbs_links_color":"","ocean_breadcrumbs_links_hover_color":"","ocean_display_footer_widgets":"default","ocean_display_footer_bottom":"default","ocean_custom_footer_template":"","_joinchat":[],"footnotes":""},"class_list":["post-5941","page","type-page","status-publish","has-post-thumbnail","hentry","entry","has-media"],"yoast_head":"<!-- This site is optimized with the Yoast SEO plugin v27.3 - https:\/\/yoast.com\/product\/yoast-seo-wordpress\/ -->\n<title>Tourenplan - Rowing in Europe<\/title>\n<meta name=\"robots\" content=\"index, follow, max-snippet:-1, max-image-preview:large, max-video-preview:-1\" \/>\n<link rel=\"canonical\" href=\"https:\/\/rowing-in-europe.com\/de\/touren\/tourenplan\/\" \/>\n<meta property=\"og:locale\" content=\"de_DE\" \/>\n<meta property=\"og:type\" content=\"article\" \/>\n<meta property=\"og:title\" content=\"Tourenplan - Rowing in Europe\" \/>\n<meta property=\"og:description\" content=\"Rudertouren im Jahr 2022 sind bald verf\u00fcgbar Bitte beachten: Aus unerwarteten Gr\u00fcnden wie Wasser- und Wetterbedingungen sowie der Verf\u00fcgbarkeit von Booten und F\u00fchrern k\u00f6nnen einige Tourdaten von diesem vorl\u00e4ufigen Zeitplan abweichen.Fragen Sie uns vor der Buchung. Die Preise verstehen sich pro Person und einer Teilnehmerzahl von 10 Personen.\" \/>\n<meta property=\"og:url\" content=\"https:\/\/rowing-in-europe.com\/de\/touren\/tourenplan\/\" \/>\n<meta property=\"og:site_name\" content=\"Rowing in Europe\" \/>\n<meta property=\"article:publisher\" content=\"https:\/\/www.facebook.com\/RowingInEurope\/\" \/>\n<meta property=\"article:modified_time\" content=\"2022-09-08T16:21:47+00:00\" \/>\n<meta property=\"og:image\" content=\"https:\/\/rowing-in-europe.com\/wp-content\/uploads\/2018\/01\/6-e1517824085826.jpg\" \/>\n\t<meta property=\"og:image:width\" content=\"1596\" \/>\n\t<meta property=\"og:image:height\" content=\"788\" \/>\n\t<meta property=\"og:image:type\" content=\"image\/jpeg\" \/>\n<meta name=\"twitter:card\" content=\"summary_large_image\" \/>\n<script type=\"application\/ld+json\" class=\"yoast-schema-graph\">{\"@context\":\"https:\\\/\\\/schema.org\",\"@graph\":[{\"@type\":\"WebPage\",\"@id\":\"https:\\\/\\\/rowing-in-europe.com\\\/de\\\/touren\\\/tourenplan\\\/\",\"url\":\"https:\\\/\\\/rowing-in-europe.com\\\/de\\\/touren\\\/tourenplan\\\/\",\"name\":\"Tourenplan - Rowing in Europe\",\"isPartOf\":{\"@id\":\"https:\\\/\\\/rowing-in-europe.com\\\/de\\\/#website\"},\"primaryImageOfPage\":{\"@id\":\"https:\\\/\\\/rowing-in-europe.com\\\/de\\\/touren\\\/tourenplan\\\/#primaryimage\"},\"image\":{\"@id\":\"https:\\\/\\\/rowing-in-europe.com\\\/de\\\/touren\\\/tourenplan\\\/#primaryimage\"},\"thumbnailUrl\":\"https:\\\/\\\/rowing-in-europe.com\\\/wp-content\\\/uploads\\\/2018\\\/01\\\/6-e1517824085826.jpg\",\"datePublished\":\"2018-04-05T05:16:52+00:00\",\"dateModified\":\"2022-09-08T16:21:47+00:00\",\"breadcrumb\":{\"@id\":\"https:\\\/\\\/rowing-in-europe.com\\\/de\\\/touren\\\/tourenplan\\\/#breadcrumb\"},\"inLanguage\":\"de\",\"potentialAction\":[{\"@type\":\"ReadAction\",\"target\":[\"https:\\\/\\\/rowing-in-europe.com\\\/de\\\/touren\\\/tourenplan\\\/\"]}]},{\"@type\":\"ImageObject\",\"inLanguage\":\"de\",\"@id\":\"https:\\\/\\\/rowing-in-europe.com\\\/de\\\/touren\\\/tourenplan\\\/#primaryimage\",\"url\":\"https:\\\/\\\/rowing-in-europe.com\\\/wp-content\\\/uploads\\\/2018\\\/01\\\/6-e1517824085826.jpg\",\"contentUrl\":\"https:\\\/\\\/rowing-in-europe.com\\\/wp-content\\\/uploads\\\/2018\\\/01\\\/6-e1517824085826.jpg\",\"width\":1596,\"height\":788},{\"@type\":\"BreadcrumbList\",\"@id\":\"https:\\\/\\\/rowing-in-europe.com\\\/de\\\/touren\\\/tourenplan\\\/#breadcrumb\",\"itemListElement\":[{\"@type\":\"ListItem\",\"position\":1,\"name\":\"Start\",\"item\":\"https:\\\/\\\/rowing-in-europe.com\\\/de\\\/\"},{\"@type\":\"ListItem\",\"position\":2,\"name\":\"Touren\",\"item\":\"https:\\\/\\\/rowing-in-europe.com\\\/de\\\/tours\\\/\"},{\"@type\":\"ListItem\",\"position\":3,\"name\":\"Tourenplan\"}]},{\"@type\":\"WebSite\",\"@id\":\"https:\\\/\\\/rowing-in-europe.com\\\/de\\\/#website\",\"url\":\"https:\\\/\\\/rowing-in-europe.com\\\/de\\\/\",\"name\":\"Rowing in Europe\",\"description\":\"Rowing in Europe - Tours and More\",\"publisher\":{\"@id\":\"https:\\\/\\\/rowing-in-europe.com\\\/de\\\/#organization\"},\"potentialAction\":[{\"@type\":\"SearchAction\",\"target\":{\"@type\":\"EntryPoint\",\"urlTemplate\":\"https:\\\/\\\/rowing-in-europe.com\\\/de\\\/?s={search_term_string}\"},\"query-input\":{\"@type\":\"PropertyValueSpecification\",\"valueRequired\":true,\"valueName\":\"search_term_string\"}}],\"inLanguage\":\"de\"},{\"@type\":\"Organization\",\"@id\":\"https:\\\/\\\/rowing-in-europe.com\\\/de\\\/#organization\",\"name\":\"Rowing in Europe\",\"url\":\"https:\\\/\\\/rowing-in-europe.com\\\/de\\\/\",\"logo\":{\"@type\":\"ImageObject\",\"inLanguage\":\"de\",\"@id\":\"https:\\\/\\\/rowing-in-europe.com\\\/de\\\/#\\\/schema\\\/logo\\\/image\\\/\",\"url\":\"https:\\\/\\\/rowing-in-europe.com\\\/wp-content\\\/uploads\\\/2018\\\/09\\\/cropped-cropped-Logo_4c_RoInEu-e1660289546971.png\",\"contentUrl\":\"https:\\\/\\\/rowing-in-europe.com\\\/wp-content\\\/uploads\\\/2018\\\/09\\\/cropped-cropped-Logo_4c_RoInEu-e1660289546971.png\",\"width\":164,\"height\":57,\"caption\":\"Rowing in Europe\"},\"image\":{\"@id\":\"https:\\\/\\\/rowing-in-europe.com\\\/de\\\/#\\\/schema\\\/logo\\\/image\\\/\"},\"sameAs\":[\"https:\\\/\\\/www.facebook.com\\\/RowingInEurope\\\/\"]}]}<\/script>\n<!-- \/ Yoast SEO plugin. -->","yoast_head_json":{"title":"Tourenplan - Rowing in Europe","robots":{"index":"index","follow":"follow","max-snippet":"max-snippet:-1","max-image-preview":"max-image-preview:large","max-video-preview":"max-video-preview:-1"},"canonical":"https:\/\/rowing-in-europe.com\/de\/touren\/tourenplan\/","og_locale":"de_DE","og_type":"article","og_title":"Tourenplan - Rowing in Europe","og_description":"Rudertouren im Jahr 2022 sind bald verf\u00fcgbar Bitte beachten: Aus unerwarteten Gr\u00fcnden wie Wasser- und Wetterbedingungen sowie der Verf\u00fcgbarkeit von Booten und F\u00fchrern k\u00f6nnen einige Tourdaten von diesem vorl\u00e4ufigen Zeitplan abweichen.Fragen Sie uns vor der Buchung. Die Preise verstehen sich pro Person und einer Teilnehmerzahl von 10 Personen.","og_url":"https:\/\/rowing-in-europe.com\/de\/touren\/tourenplan\/","og_site_name":"Rowing in Europe","article_publisher":"https:\/\/www.facebook.com\/RowingInEurope\/","article_modified_time":"2022-09-08T16:21:47+00:00","og_image":[{"width":1596,"height":788,"url":"https:\/\/rowing-in-europe.com\/wp-content\/uploads\/2018\/01\/6-e1517824085826.jpg","type":"image\/jpeg"}],"twitter_card":"summary_large_image","schema":{"@context":"https:\/\/schema.org","@graph":[{"@type":"WebPage","@id":"https:\/\/rowing-in-europe.com\/de\/touren\/tourenplan\/","url":"https:\/\/rowing-in-europe.com\/de\/touren\/tourenplan\/","name":"Tourenplan - Rowing in Europe","isPartOf":{"@id":"https:\/\/rowing-in-europe.com\/de\/#website"},"primaryImageOfPage":{"@id":"https:\/\/rowing-in-europe.com\/de\/touren\/tourenplan\/#primaryimage"},"image":{"@id":"https:\/\/rowing-in-europe.com\/de\/touren\/tourenplan\/#primaryimage"},"thumbnailUrl":"https:\/\/rowing-in-europe.com\/wp-content\/uploads\/2018\/01\/6-e1517824085826.jpg","datePublished":"2018-04-05T05:16:52+00:00","dateModified":"2022-09-08T16:21:47+00:00","breadcrumb":{"@id":"https:\/\/rowing-in-europe.com\/de\/touren\/tourenplan\/#breadcrumb"},"inLanguage":"de","potentialAction":[{"@type":"ReadAction","target":["https:\/\/rowing-in-europe.com\/de\/touren\/tourenplan\/"]}]},{"@type":"ImageObject","inLanguage":"de","@id":"https:\/\/rowing-in-europe.com\/de\/touren\/tourenplan\/#primaryimage","url":"https:\/\/rowing-in-europe.com\/wp-content\/uploads\/2018\/01\/6-e1517824085826.jpg","contentUrl":"https:\/\/rowing-in-europe.com\/wp-content\/uploads\/2018\/01\/6-e1517824085826.jpg","width":1596,"height":788},{"@type":"BreadcrumbList","@id":"https:\/\/rowing-in-europe.com\/de\/touren\/tourenplan\/#breadcrumb","itemListElement":[{"@type":"ListItem","position":1,"name":"Start","item":"https:\/\/rowing-in-europe.com\/de\/"},{"@type":"ListItem","position":2,"name":"Touren","item":"https:\/\/rowing-in-europe.com\/de\/tours\/"},{"@type":"ListItem","position":3,"name":"Tourenplan"}]},{"@type":"WebSite","@id":"https:\/\/rowing-in-europe.com\/de\/#website","url":"https:\/\/rowing-in-europe.com\/de\/","name":"Rowing in Europe","description":"Rowing in Europe - Tours and More","publisher":{"@id":"https:\/\/rowing-in-europe.com\/de\/#organization"},"potentialAction":[{"@type":"SearchAction","target":{"@type":"EntryPoint","urlTemplate":"https:\/\/rowing-in-europe.com\/de\/?s={search_term_string}"},"query-input":{"@type":"PropertyValueSpecification","valueRequired":true,"valueName":"search_term_string"}}],"inLanguage":"de"},{"@type":"Organization","@id":"https:\/\/rowing-in-europe.com\/de\/#organization","name":"Rowing in Europe","url":"https:\/\/rowing-in-europe.com\/de\/","logo":{"@type":"ImageObject","inLanguage":"de","@id":"https:\/\/rowing-in-europe.com\/de\/#\/schema\/logo\/image\/","url":"https:\/\/rowing-in-europe.com\/wp-content\/uploads\/2018\/09\/cropped-cropped-Logo_4c_RoInEu-e1660289546971.png","contentUrl":"https:\/\/rowing-in-europe.com\/wp-content\/uploads\/2018\/09\/cropped-cropped-Logo_4c_RoInEu-e1660289546971.png","width":164,"height":57,"caption":"Rowing in Europe"},"image":{"@id":"https:\/\/rowing-in-europe.com\/de\/#\/schema\/logo\/image\/"},"sameAs":["https:\/\/www.facebook.com\/RowingInEurope\/"]}]}},"_links":{"self":[{"href":"https:\/\/rowing-in-europe.com\/de\/wp-json\/wp\/v2\/pages\/5941","targetHints":{"allow":["GET"]}}],"collection":[{"href":"https:\/\/rowing-in-europe.com\/de\/wp-json\/wp\/v2\/pages"}],"about":[{"href":"https:\/\/rowing-in-europe.com\/de\/wp-json\/wp\/v2\/types\/page"}],"author":[{"embeddable":true,"href":"https:\/\/rowing-in-europe.com\/de\/wp-json\/wp\/v2\/users\/1"}],"replies":[{"embeddable":true,"href":"https:\/\/rowing-in-europe.com\/de\/wp-json\/wp\/v2\/comments?post=5941"}],"version-history":[{"count":0,"href":"https:\/\/rowing-in-europe.com\/de\/wp-json\/wp\/v2\/pages\/5941\/revisions"}],"up":[{"embeddable":true,"href":"https:\/\/rowing-in-europe.com\/de\/wp-json\/wp\/v2\/pages\/5938"}],"wp:featuredmedia":[{"embeddable":true,"href":"https:\/\/rowing-in-europe.com\/de\/wp-json\/wp\/v2\/media\/62"}],"wp:attachment":[{"href":"https:\/\/rowing-in-europe.com\/de\/wp-json\/wp\/v2\/media?parent=5941"}],"curies":[{"name":"wp","href":"https:\/\/api.w.org\/{rel}","templated":true}]}}